{"id":4230,"date":"2025-03-03T17:00:11","date_gmt":"2025-03-03T14:00:11","guid":{"rendered":"https:\/\/freezedryglobal.com\/?page_id=4230"},"modified":"2025-03-03T17:02:48","modified_gmt":"2025-03-03T14:02:48","slug":"preguntas-mas-frecuentes","status":"publish","type":"page","link":"https:\/\/freezedryglobal.com\/index.php\/es\/preguntas-mas-frecuentes\/","title":{"rendered":"Preguntas M\u00e1s Frecuentes"},"content":{"rendered":"\t\t<div data-elementor-type=\"wp-page\" data-elementor-id=\"4230\" class=\"elementor elementor-4230\" data-elementor-settings=\"{&quot;ha_cmc_init_switcher&quot;:&quot;no&quot;}\">\n\t\t\t\t<div class=\"elementor-element elementor-element-2e825a66 e-con-full wps-faq-search-bar e-flex wpr-particle-no wpr-jarallax-no wpr-parallax-no wpr-sticky-section-no wpr-equal-height-no e-con e-parent\" data-id=\"2e825a66\" data-element_type=\"container\" data-e-type=\"container\" data-settings=\"{&quot;_ha_eqh_enable&quot;:false}\">\n\t\t\t\t<div class=\"elementor-element elementor-element-605bdf33 elementor-widget elementor-widget-heading\" data-id=\"605bdf33\" data-element_type=\"widget\" data-e-type=\"widget\" data-widget_type=\"heading.default\">\n\t\t\t\t<div class=\"elementor-widget-container\">\n\t\t\t\t\t<h2 class=\"elementor-heading-title elementor-size-default\">Preguntas M\u00e1s Frecuentes<\/h2>\t\t\t\t<\/div>\n\t\t\t\t<\/div>\n\t\t\t\t<div class=\"elementor-element elementor-element-5a5901ce elementor-widget elementor-widget-elementskit-accordion\" data-id=\"5a5901ce\" data-element_type=\"widget\" data-e-type=\"widget\" data-widget_type=\"elementskit-accordion.default\">\n\t\t\t\t<div class=\"elementor-widget-container\">\n\t\t\t\t\t<div class=\"ekit-wid-con\" >\n        <div class=\"elementskit-accordion accoedion-primary\" id=\"accordion-69e0e001f01f1\">\n\n            \n                <div class=\"elementskit-card active\">\n                    <div class=\"elementskit-card-header\" id=\"primaryHeading-0-5a5901ce\">\n                        <a href=\"#collapse-0018af869e0e001f01f1\" class=\"ekit-accordion--toggler elementskit-btn-link collapsed\" data-ekit-toggle=\"collapse\" data-target=\"#Collapse-0018af869e0e001f01f1\" aria-expanded=\"true\" aria-controls=\"Collapse-0018af869e0e001f01f1\">\n                            \n                                <span class=\"number\"><\/span>\n\n                            \n                            <span class=\"ekit-accordion-title\">\u00bfQu\u00e9 es una plataforma?<\/span>\n\n                            \n                                <div class=\"ekit_accordion_icon_group\">\n                                    <div class=\"ekit_accordion_normal_icon\">\n                                        <!-- Normal Icon -->\n\t\t\t\t\t\t\t\t\t\t                                    <\/div>\n\n                                    <div class=\"ekit_accordion_active_icon\">\n                                        <!-- Active Icon -->\n\t\t\t\t\t\t\t\t\t\t                                    <\/div>\n                                <\/div>\n\n                            \n                                                    <\/a>\n                    <\/div>\n\n                    <div id=\"Collapse-0018af869e0e001f01f1\" class=\" show collapse\" aria-labelledby=\"primaryHeading-0-5a5901ce\" data-parent=\"#accordion-69e0e001f01f1\">\n\n                        <div class=\"elementskit-card-body ekit-accordion--content\">\n                            <p>FDG es una plataforma. Es un sistema que re\u00fane a agricultores, propietarios de liofilizadoras y compradores. Como FDG, nuestro trabajo consiste en proporcionar los v\u00ednculos entre ellos, para que cada uno pueda concentrarse en su propio negocio y no tenga que preocuparse de otros asuntos.<\/p>                        <\/div>\n\n                    <\/div>\n\n                <\/div><!-- .elementskit-card END -->\n\n                \n                <div class=\"elementskit-card \">\n                    <div class=\"elementskit-card-header\" id=\"primaryHeading-1-5a5901ce\">\n                        <a href=\"#collapse-351a94f69e0e001f01f1\" class=\"ekit-accordion--toggler elementskit-btn-link collapsed\" data-ekit-toggle=\"collapse\" data-target=\"#Collapse-351a94f69e0e001f01f1\" aria-expanded=\"false\" aria-controls=\"Collapse-351a94f69e0e001f01f1\">\n                            \n                                <span class=\"number\"><\/span>\n\n                            \n                            <span class=\"ekit-accordion-title\">\u00bfPor qu\u00e9 deber\u00eda trabajar con ustedes como agricultor?<\/span>\n\n                            \n                                <div class=\"ekit_accordion_icon_group\">\n                                    <div class=\"ekit_accordion_normal_icon\">\n                                        <!-- Normal Icon -->\n\t\t\t\t\t\t\t\t\t\t                                    <\/div>\n\n                                    <div class=\"ekit_accordion_active_icon\">\n                                        <!-- Active Icon -->\n\t\t\t\t\t\t\t\t\t\t                                    <\/div>\n                                <\/div>\n\n                            \n                                                    <\/a>\n                    <\/div>\n\n                    <div id=\"Collapse-351a94f69e0e001f01f1\" class=\" collapse\" aria-labelledby=\"primaryHeading-1-5a5901ce\" data-parent=\"#accordion-69e0e001f01f1\">\n\n                        <div class=\"elementskit-card-body ekit-accordion--content\">\n                            <p>Si trabaja con nosotros, podr\u00e1 vender sus productos al por mayor. Esto le proporcionar\u00e1 un modelo de negocio B2B y le permitir\u00e1 vender una gran cantidad de productos en poco tiempo. Comprobaremos la calidad de sus productos y, si algo va mal, nos pondremos en contacto con usted para informarle de que debe mejorar sus productos.<\/p>                        <\/div>\n\n                    <\/div>\n\n                <\/div><!-- .elementskit-card END -->\n\n                \n                <div class=\"elementskit-card \">\n                    <div class=\"elementskit-card-header\" id=\"primaryHeading-2-5a5901ce\">\n                        <a href=\"#collapse-6dfa56b69e0e001f01f1\" class=\"ekit-accordion--toggler elementskit-btn-link collapsed\" data-ekit-toggle=\"collapse\" data-target=\"#Collapse-6dfa56b69e0e001f01f1\" aria-expanded=\"false\" aria-controls=\"Collapse-6dfa56b69e0e001f01f1\">\n                            \n                                <span class=\"number\"><\/span>\n\n                            \n                            <span class=\"ekit-accordion-title\">\u00bfPor qu\u00e9 deber\u00eda trabajar con ustedes como propietario de una m\u00e1quina liofilizadora?<\/span>\n\n                            \n                                <div class=\"ekit_accordion_icon_group\">\n                                    <div class=\"ekit_accordion_normal_icon\">\n                                        <!-- Normal Icon -->\n\t\t\t\t\t\t\t\t\t\t                                    <\/div>\n\n                                    <div class=\"ekit_accordion_active_icon\">\n                                        <!-- Active Icon -->\n\t\t\t\t\t\t\t\t\t\t                                    <\/div>\n                                <\/div>\n\n                            \n                                                    <\/a>\n                    <\/div>\n\n                    <div id=\"Collapse-6dfa56b69e0e001f01f1\" class=\" collapse\" aria-labelledby=\"primaryHeading-2-5a5901ce\" data-parent=\"#accordion-69e0e001f01f1\">\n\n                        <div class=\"elementskit-card-body ekit-accordion--content\">\n                            <p>Si coopera con nosotros, podr\u00e1 comprar su materia prima, fruta y verdura, m\u00e1s barata. Como nuestra plataforma suministra productos a muchos propietarios de m\u00e1quinas, incluido usted, compra al por mayor, por lo que tiene mucho m\u00e1s sentido que comprar por su cuenta. Adem\u00e1s, podemos ofrecerle todo tipo de asistencia t\u00e9cnica durante el proceso de producci\u00f3n, gracias a nuestro experimentado equipo. Podemos ayudarle a ampliar su gama de productos y a producir con m\u00e1s eficacia. Todas las pruebas de los productos que compre y venda las realizaremos nosotros, para que nunca tenga dudas. Por \u00faltimo, si participa en nuestra plataforma, no tendr\u00e1 que preocuparse de vender sus productos. Nuestra plataforma te permite realizar ventas de gran volumen al agrupar a muchos propietarios de liofilizadores como t\u00fa, por lo que podr\u00e1s realizar ventas que no podr\u00edas realizar por tu cuenta gracias a nuestra plataforma.<\/p>                        <\/div>\n\n                    <\/div>\n\n                <\/div><!-- .elementskit-card END -->\n\n                \n                <div class=\"elementskit-card \">\n                    <div class=\"elementskit-card-header\" id=\"primaryHeading-3-5a5901ce\">\n                        <a href=\"#collapse-b437cff69e0e001f01f1\" class=\"ekit-accordion--toggler elementskit-btn-link collapsed\" data-ekit-toggle=\"collapse\" data-target=\"#Collapse-b437cff69e0e001f01f1\" aria-expanded=\"false\" aria-controls=\"Collapse-b437cff69e0e001f01f1\">\n                            \n                                <span class=\"number\"><\/span>\n\n                            \n                            <span class=\"ekit-accordion-title\">Pourquoi devrais-je m&#039;adresser \u00e0 vous en tant qu&#039;acheteur ?<\/span>\n\n                            \n                                <div class=\"ekit_accordion_icon_group\">\n                                    <div class=\"ekit_accordion_normal_icon\">\n                                        <!-- Normal Icon -->\n\t\t\t\t\t\t\t\t\t\t                                    <\/div>\n\n                                    <div class=\"ekit_accordion_active_icon\">\n                                        <!-- Active Icon -->\n\t\t\t\t\t\t\t\t\t\t                                    <\/div>\n                                <\/div>\n\n                            \n                                                    <\/a>\n                    <\/div>\n\n                    <div id=\"Collapse-b437cff69e0e001f01f1\" class=\" collapse\" aria-labelledby=\"primaryHeading-3-5a5901ce\" data-parent=\"#accordion-69e0e001f01f1\">\n\n                        <div class=\"elementskit-card-body ekit-accordion--content\">\n                            <p>Como nuestra plataforma agrupa a un gran n\u00famero de fabricantes, compramos nuestras materias primas a granel a un precio m\u00e1s bajo, lo que nos permite ofrecerle productos liofilizados a un precio m\u00e1s asequible y con menores costes.<\/p>                        <\/div>\n\n                    <\/div>\n\n                <\/div><!-- .elementskit-card END -->\n\n                \n                <div class=\"elementskit-card \">\n                    <div class=\"elementskit-card-header\" id=\"primaryHeading-4-5a5901ce\">\n                        <a href=\"#collapse-60d4f4869e0e001f01f1\" class=\"ekit-accordion--toggler elementskit-btn-link collapsed\" data-ekit-toggle=\"collapse\" data-target=\"#Collapse-60d4f4869e0e001f01f1\" aria-expanded=\"false\" aria-controls=\"Collapse-60d4f4869e0e001f01f1\">\n                            \n                                <span class=\"number\"><\/span>\n\n                            \n                            <span class=\"ekit-accordion-title\">\u00bfOfrecen la misma calidad cada vez que hago un pedido?<\/span>\n\n                            \n                                <div class=\"ekit_accordion_icon_group\">\n                                    <div class=\"ekit_accordion_normal_icon\">\n                                        <!-- Normal Icon -->\n\t\t\t\t\t\t\t\t\t\t                                    <\/div>\n\n                                    <div class=\"ekit_accordion_active_icon\">\n                                        <!-- Active Icon -->\n\t\t\t\t\t\t\t\t\t\t                                    <\/div>\n                                <\/div>\n\n                            \n                                                    <\/a>\n                    <\/div>\n\n                    <div id=\"Collapse-60d4f4869e0e001f01f1\" class=\" collapse\" aria-labelledby=\"primaryHeading-4-5a5901ce\" data-parent=\"#accordion-69e0e001f01f1\">\n\n                        <div class=\"elementskit-card-body ekit-accordion--content\">\n                            <p>S\u00ed, porque nuestros productores compran los productos en lugares comunes. Cuando recibimos los productos, los comprobamos y luego los procesamos. Seguimos control\u00e1ndolos durante todo el proceso de producci\u00f3n. Una vez liofilizados, se someten a un \u00faltimo control de calidad y, si todos los productos son de la m\u00e1xima calidad, salen a la venta. De este modo, podemos ofrecer siempre la mejor calidad a los compradores.<\/p>                        <\/div>\n\n                    <\/div>\n\n                <\/div><!-- .elementskit-card END -->\n\n                \n                <div class=\"elementskit-card \">\n                    <div class=\"elementskit-card-header\" id=\"primaryHeading-5-5a5901ce\">\n                        <a href=\"#collapse-260eebe69e0e001f01f1\" class=\"ekit-accordion--toggler elementskit-btn-link collapsed\" data-ekit-toggle=\"collapse\" data-target=\"#Collapse-260eebe69e0e001f01f1\" aria-expanded=\"false\" aria-controls=\"Collapse-260eebe69e0e001f01f1\">\n                            \n                                <span class=\"number\"><\/span>\n\n                            \n                            <span class=\"ekit-accordion-title\">\u00bfTrabaja en B2C o B2B?<\/span>\n\n                            \n                                <div class=\"ekit_accordion_icon_group\">\n                                    <div class=\"ekit_accordion_normal_icon\">\n                                        <!-- Normal Icon -->\n\t\t\t\t\t\t\t\t\t\t                                    <\/div>\n\n                                    <div class=\"ekit_accordion_active_icon\">\n                                        <!-- Active Icon -->\n\t\t\t\t\t\t\t\t\t\t                                    <\/div>\n                                <\/div>\n\n                            \n                                                    <\/a>\n                    <\/div>\n\n                    <div id=\"Collapse-260eebe69e0e001f01f1\" class=\" collapse\" aria-labelledby=\"primaryHeading-5-5a5901ce\" data-parent=\"#accordion-69e0e001f01f1\">\n\n                        <div class=\"elementskit-card-body ekit-accordion--content\">\n                            <p>Como hay muchos fabricantes en nuestra plataforma, hacemos ventas B2B, lo que nos permite continuar la producci\u00f3n sin interrupci\u00f3n. Como ofrecemos nuestros productos al por mayor, puede obtenerlos al precio m\u00e1s asequible. Si desea los productos tal y como los quiere, podemos envasarlos en tama\u00f1os peque\u00f1os, medianos o grandes con el embalaje de su marca. Si lo desea, puede vender estos productos en r\u00e9gimen B2C para crear su marca y obtener beneficios.<\/p>                        <\/div>\n\n                    <\/div>\n\n                <\/div><!-- .elementskit-card END -->\n\n                                        <\/div>\n    <\/div>\t\t\t\t<\/div>\n\t\t\t\t<\/div>\n\t\t\t\t<\/div>\n\t\t\t\t<\/div>\n\t\t","protected":false},"excerpt":{"rendered":"<p>Preguntas M\u00e1s Frecuentes \u00bfQu\u00e9 es una plataforma? FDG es una plataforma. Es un sistema que re\u00fane a agricultores, propietarios de liofilizadoras y compradores. Como FDG, nuestro trabajo consiste en proporcionar los v\u00ednculos entre ellos, para que cada uno pueda concentrarse en su propio negocio y no tenga que preocuparse de otros asuntos. \u00bfPor qu\u00e9 deber\u00eda trabajar con ustedes como agricultor? Si trabaja con nosotros, podr\u00e1 vender sus productos al por mayor. Esto le proporcionar\u00e1 un modelo de negocio B2B y le permitir\u00e1 vender una gran cantidad de productos en poco tiempo. Comprobaremos la calidad de sus productos y, si algo va mal, nos pondremos en contacto con usted para informarle de que debe mejorar sus productos. \u00bfPor qu\u00e9 deber\u00eda trabajar con ustedes como propietario de una m\u00e1quina liofilizadora? Si coopera con nosotros, podr\u00e1 comprar su materia prima, fruta y verdura, m\u00e1s barata. Como nuestra plataforma suministra productos a muchos propietarios de m\u00e1quinas, incluido usted, compra al por mayor, por lo que tiene mucho m\u00e1s sentido que comprar por su cuenta. Adem\u00e1s, podemos ofrecerle todo tipo de asistencia t\u00e9cnica durante el proceso de producci\u00f3n, gracias a nuestro experimentado equipo. Podemos ayudarle a ampliar su gama de productos y a producir con m\u00e1s eficacia. Todas las pruebas de los productos que compre y venda las realizaremos nosotros, para que nunca tenga dudas. Por \u00faltimo, si participa en nuestra plataforma, no tendr\u00e1 que preocuparse de vender sus productos. Nuestra plataforma te permite realizar ventas de gran volumen al agrupar a muchos propietarios de liofilizadores como t\u00fa, por lo que podr\u00e1s realizar ventas que no podr\u00edas realizar por tu cuenta gracias a nuestra plataforma. Pourquoi devrais-je m&#039;adresser \u00e0 vous en tant qu&#039;acheteur ? Como nuestra plataforma agrupa a un gran n\u00famero de fabricantes, compramos nuestras materias primas a granel a un precio m\u00e1s bajo, lo que nos permite ofrecerle productos liofilizados a un precio m\u00e1s asequible y con menores costes. \u00bfOfrecen la misma calidad cada vez que hago un pedido? S\u00ed, porque nuestros productores compran los productos en lugares comunes. Cuando recibimos los productos, los comprobamos y luego los procesamos. Seguimos control\u00e1ndolos durante todo el proceso de producci\u00f3n. Una vez liofilizados, se someten a un \u00faltimo control de calidad y, si todos los productos son de la m\u00e1xima calidad, salen a la venta. De este modo, podemos ofrecer siempre la mejor calidad a los compradores. \u00bfTrabaja en B2C o B2B? Como hay muchos fabricantes en nuestra plataforma, hacemos ventas B2B, lo que nos permite continuar la producci\u00f3n sin interrupci\u00f3n. Como ofrecemos nuestros productos al por mayor, puede obtenerlos al precio m\u00e1s asequible. Si desea los productos tal y como los quiere, podemos envasarlos en tama\u00f1os peque\u00f1os, medianos o grandes con el embalaje de su marca. Si lo desea, puede vender estos productos en r\u00e9gimen B2C para crear su marca y obtener beneficios.<\/p>\n","protected":false},"author":1,"featured_media":0,"parent":0,"menu_order":0,"comment_status":"closed","ping_status":"closed","template":"","meta":{"footnotes":""},"class_list":["post-4230","page","type-page","status-publish","hentry"],"_links":{"self":[{"href":"https:\/\/freezedryglobal.com\/index.php\/wp-json\/wp\/v2\/pages\/4230","targetHints":{"allow":["GET"]}}],"collection":[{"href":"https:\/\/freezedryglobal.com\/index.php\/wp-json\/wp\/v2\/pages"}],"about":[{"href":"https:\/\/freezedryglobal.com\/index.php\/wp-json\/wp\/v2\/types\/page"}],"author":[{"embeddable":true,"href":"https:\/\/freezedryglobal.com\/index.php\/wp-json\/wp\/v2\/users\/1"}],"replies":[{"embeddable":true,"href":"https:\/\/freezedryglobal.com\/index.php\/wp-json\/wp\/v2\/comments?post=4230"}],"version-history":[{"count":7,"href":"https:\/\/freezedryglobal.com\/index.php\/wp-json\/wp\/v2\/pages\/4230\/revisions"}],"predecessor-version":[{"id":4237,"href":"https:\/\/freezedryglobal.com\/index.php\/wp-json\/wp\/v2\/pages\/4230\/revisions\/4237"}],"wp:attachment":[{"href":"https:\/\/freezedryglobal.com\/index.php\/wp-json\/wp\/v2\/media?parent=4230"}],"curies":[{"name":"wp","href":"https:\/\/api.w.org\/{rel}","templated":true}]}}