{"id":4078,"date":"2025-03-03T14:33:13","date_gmt":"2025-03-03T11:33:13","guid":{"rendered":"https:\/\/freezedryglobal.com\/?page_id=4078"},"modified":"2025-12-03T15:09:29","modified_gmt":"2025-12-03T12:09:29","slug":"fruits-2","status":"publish","type":"page","link":"https:\/\/freezedryglobal.com\/index.php\/fr\/fruits-2\/","title":{"rendered":"Fruits"},"content":{"rendered":"\t\t<div data-elementor-type=\"wp-page\" data-elementor-id=\"4078\" class=\"elementor elementor-4078\" data-elementor-settings=\"{&quot;ha_cmc_init_switcher&quot;:&quot;no&quot;}\">\n\t\t\t\t\t\t<section class=\"elementor-section elementor-top-section elementor-element elementor-element-31091b1 elementor-section-boxed elementor-section-height-default elementor-section-height-default wpr-particle-no wpr-jarallax-no wpr-parallax-no wpr-sticky-section-no wpr-equal-height-no\" data-id=\"31091b1\" data-element_type=\"section\" data-e-type=\"section\" data-settings=\"{&quot;background_background&quot;:&quot;classic&quot;,&quot;_ha_eqh_enable&quot;:false}\">\n\t\t\t\t\t\t<div class=\"elementor-container elementor-column-gap-default\">\n\t\t\t\t\t<div class=\"elementor-column elementor-col-100 elementor-top-column elementor-element elementor-element-c4cbb1f\" data-id=\"c4cbb1f\" data-element_type=\"column\" data-e-type=\"column\" data-settings=\"{&quot;background_background&quot;:&quot;classic&quot;}\">\n\t\t\t<div class=\"elementor-widget-wrap elementor-element-populated\">\n\t\t\t\t\t\t<section class=\"elementor-section elementor-inner-section elementor-element elementor-element-fae9b61 elementor-section-boxed elementor-section-height-default elementor-section-height-default wpr-particle-no wpr-jarallax-no wpr-parallax-no wpr-sticky-section-no wpr-equal-height-no\" data-id=\"fae9b61\" data-element_type=\"section\" data-e-type=\"section\" data-settings=\"{&quot;_ha_eqh_enable&quot;:false}\">\n\t\t\t\t\t\t<div class=\"elementor-container elementor-column-gap-default\">\n\t\t\t\t\t<div class=\"elementor-column elementor-col-100 elementor-inner-column elementor-element elementor-element-e13615b\" data-id=\"e13615b\" data-element_type=\"column\" data-e-type=\"column\">\n\t\t\t<div class=\"elementor-widget-wrap elementor-element-populated\">\n\t\t\t\t\t\t<div class=\"elementor-element elementor-element-29899a6 elementor-widget elementor-widget-hfe-breadcrumbs-widget\" data-id=\"29899a6\" data-element_type=\"widget\" data-e-type=\"widget\" data-widget_type=\"hfe-breadcrumbs-widget.default\">\n\t\t\t\t<div class=\"elementor-widget-container\">\n\t\t\t\t\t<nav aria-label=\"Breadcrumb\"><ul class=\"hfe-breadcrumbs hfe-breadcrumbs-show-home\"><li class=\"hfe-breadcrumbs-item hfe-breadcrumbs-first\"><span class=\"hfe-breadcrumbs-home-icon\"><\/span><a href=\"https:\/\/freezedryglobal.com\"><span class=\"hfe-breadcrumbs-text\">Page d'accueil<\/span><\/a><\/li><\/ul><\/nav>\t\t\t\t<\/div>\n\t\t\t\t<\/div>\n\t\t\t\t<div class=\"elementor-element elementor-element-fcde826 elementor-widget__width-initial elementor-widget elementor-widget-elementskit-heading\" data-id=\"fcde826\" data-element_type=\"widget\" data-e-type=\"widget\" data-widget_type=\"elementskit-heading.default\">\n\t\t\t\t<div class=\"elementor-widget-container\">\n\t\t\t\t\t<div class=\"ekit-wid-con\" ><div class=\"ekit-heading elementskit-section-title-wraper text_left   ekit_heading_tablet-   ekit_heading_mobile-text_left\"><h2 class=\"ekit-heading--title elementskit-section-title \">Fruits<\/h2>\t\t\t\t<div class='ekit-heading__description'>\n\t\t\t\t\t<p>Les fruits lyophilis\u00e9s constituent une option saine et savoureuse, pleine de bienfaits naturels et de saveurs fortes. Ils conservent les vitamines, les min\u00e9raux et les saveurs des fruits frais. Ils sont l\u00e9gers, durables et sans conservateurs. Parfaits pour les en-cas, les c\u00e9r\u00e9ales ou les recettes, ces fruits offrent une exp\u00e9rience de fruits frais \u00e0 tout moment et en tout lieu.<\/p>\n\t\t\t\t<\/div>\n\t\t\t<\/div><\/div>\t\t\t\t<\/div>\n\t\t\t\t<\/div>\n\t\t\t\t\t<\/div>\n\t\t<\/div>\n\t\t\t\t\t<\/div>\n\t\t<\/section>\n\t\t\t\t\t<\/div>\n\t\t<\/div>\n\t\t\t\t\t<\/div>\n\t\t<\/section>\n\t\t<div class=\"elementor-element elementor-element-dbe8020 e-flex e-con-boxed wpr-particle-no wpr-jarallax-no wpr-parallax-no wpr-sticky-section-no wpr-equal-height-no e-con e-parent\" data-id=\"dbe8020\" data-element_type=\"container\" data-e-type=\"container\" data-settings=\"{&quot;_ha_eqh_enable&quot;:false}\">\n\t\t\t\t\t<div class=\"e-con-inner\">\n\t\t<div class=\"elementor-element elementor-element-01666f7 e-con-full e-flex wpr-particle-no wpr-jarallax-no wpr-parallax-no wpr-sticky-section-no wpr-equal-height-no e-con e-child\" data-id=\"01666f7\" data-element_type=\"container\" data-e-type=\"container\" data-settings=\"{&quot;_ha_eqh_enable&quot;:false}\">\n\t\t\t\t<div class=\"elementor-element elementor-element-2bd95b0 elementor-widget elementor-widget-heading\" data-id=\"2bd95b0\" data-element_type=\"widget\" data-e-type=\"widget\" data-widget_type=\"heading.default\">\n\t\t\t\t<div class=\"elementor-widget-container\">\n\t\t\t\t\t<h2 class=\"elementor-heading-title elementor-size-default\">Produits \u00e0 base de fruits lyophilis\u00e9s<\/h2>\t\t\t\t<\/div>\n\t\t\t\t<\/div>\n\t\t\t\t<div class=\"elementor-element elementor-element-e06edd6 elementor-widget elementor-widget-text-editor\" data-id=\"e06edd6\" data-element_type=\"widget\" data-e-type=\"widget\" data-widget_type=\"text-editor.default\">\n\t\t\t\t<div class=\"elementor-widget-container\">\n\t\t\t\t\t\t\t\t\t<p>Notre proc\u00e9d\u00e9 de lyophilisation garantit une tr\u00e8s longue dur\u00e9e de conservation tout en gardant intacts les vitamines et min\u00e9raux importants. Cette m\u00e9thode offre une alternative pratique et fiable aux fruits frais. Entiers, tranch\u00e9s, hach\u00e9s ou en poudre, ces aliments retrouvent facilement leur \u00e9tat d&#8217;origine et constituent un moyen simple de d\u00e9guster des fruits de saison tout au long de l&#8217;ann\u00e9e.<\/p>\t\t\t\t\t\t\t\t<\/div>\n\t\t\t\t<\/div>\n\t\t\t\t<\/div>\n\t\t<div class=\"elementor-element elementor-element-74c83ab e-con-full e-flex wpr-particle-no wpr-jarallax-no wpr-parallax-no wpr-sticky-section-no wpr-equal-height-no e-con e-child\" data-id=\"74c83ab\" data-element_type=\"container\" data-e-type=\"container\" data-settings=\"{&quot;_ha_eqh_enable&quot;:false}\">\n\t\t\t\t<div class=\"elementor-element elementor-element-7da455c elementor-widget elementor-widget-image\" data-id=\"7da455c\" data-element_type=\"widget\" data-e-type=\"widget\" data-widget_type=\"image.default\">\n\t\t\t\t<div class=\"elementor-widget-container\">\n\t\t\t\t\t\t\t\t\t\t\t\t\t\t\t<img fetchpriority=\"high\" decoding=\"async\" width=\"800\" height=\"602\" src=\"https:\/\/freezedryglobal.com\/wp-content\/uploads\/2025\/01\/cilek_bogurtlen-e1738245527986-1024x771.jpg\" class=\"attachment-large size-large wp-image-1584\" alt=\"\" srcset=\"https:\/\/freezedryglobal.com\/wp-content\/uploads\/2025\/01\/cilek_bogurtlen-e1738245527986-1024x771.jpg 1024w, https:\/\/freezedryglobal.com\/wp-content\/uploads\/2025\/01\/cilek_bogurtlen-e1738245527986-300x226.jpg 300w, https:\/\/freezedryglobal.com\/wp-content\/uploads\/2025\/01\/cilek_bogurtlen-e1738245527986-768x578.jpg 768w, https:\/\/freezedryglobal.com\/wp-content\/uploads\/2025\/01\/cilek_bogurtlen-e1738245527986.jpg 1417w\" sizes=\"(max-width: 800px) 100vw, 800px\" \/>\t\t\t\t\t\t\t\t\t\t\t\t\t\t\t<\/div>\n\t\t\t\t<\/div>\n\t\t\t\t<\/div>\n\t\t\t\t\t<\/div>\n\t\t\t\t<\/div>\n\t\t<div class=\"elementor-element elementor-element-45dc599 e-flex e-con-boxed wpr-particle-no wpr-jarallax-no wpr-parallax-no wpr-sticky-section-no wpr-equal-height-no e-con e-parent\" data-id=\"45dc599\" data-element_type=\"container\" data-e-type=\"container\" data-settings=\"{&quot;_ha_eqh_enable&quot;:false}\">\n\t\t\t\t\t<div class=\"e-con-inner\">\n\t\t\t\t<div class=\"elementor-element elementor-element-e575e34 premium-header-inline premium-lq__none premium-box-lq__none elementor-widget elementor-widget-premium-addon-dual-header\" data-id=\"e575e34\" data-element_type=\"widget\" data-e-type=\"widget\" data-widget_type=\"premium-addon-dual-header.default\">\n\t\t\t\t\t\n\t\t<div class=\"elementor-widget-container\">\n\t\t\t\t\t<h2 class=\"premium-dual-header-first-header \"><span class=\"premium-dual-header-first-span\">Produits \u00e0 <\/span><span class=\"premium-dual-header-second-header \">Base de fruits<\/span><\/h2> \t\t\t\t<\/div>\n\n\t\t\t\t\t\t<\/div>\n\t\t\t\t\t<\/div>\n\t\t\t\t<\/div>\n\t\t<div class=\"elementor-element elementor-element-6855430 e-flex e-con-boxed wpr-particle-no wpr-jarallax-no wpr-parallax-no wpr-sticky-section-no wpr-equal-height-no e-con e-parent\" data-id=\"6855430\" data-element_type=\"container\" data-e-type=\"container\" data-settings=\"{&quot;_ha_eqh_enable&quot;:false}\">\n\t\t\t\t\t<div class=\"e-con-inner\">\n\t\t<div class=\"elementor-element elementor-element-d3765f3 e-con-full e-flex wpr-particle-no wpr-jarallax-no wpr-parallax-no wpr-sticky-section-no wpr-equal-height-no e-con e-child\" data-id=\"d3765f3\" data-element_type=\"container\" data-e-type=\"container\" data-settings=\"{&quot;_ha_eqh_enable&quot;:false}\">\n\t\t\t\t<div class=\"elementor-element elementor-element-c2f67a3 elementor-widget elementor-widget-ha-image-hover-effect happy-addon ha-image-hover-effect\" data-id=\"c2f67a3\" data-element_type=\"widget\" data-e-type=\"widget\" data-widget_type=\"ha-image-hover-effect.default\">\n\t\t\t\t<div class=\"elementor-widget-container\">\n\t\t\t\t\t\t\t<div class=\"ha-ihe-wrapper grid\">\n\t\t\t<figure class=\"ha-ihe-fig ha-effect-bubba\">\n\t\t\t\t<img decoding=\"async\" class=\"ha-ihe-img\" src=\"https:\/\/freezedryglobal.com\/wp-content\/uploads\/2025\/01\/strawberry.jpg\" alt=\"\" \/>\n\t\t\t\t<figcaption class=\"ha-ihe-caption\">\n\t\t\t\t\t\t\t\t\t\t\t<h2 class=\"ha-ihe-title\">Fraise<\/h2>\t\t\t\t\t\t\t\t\t\t\t\t\t<p class=\"ha-ihe-desc\"><\/p>\n\t\t\t\t\t\t\t\t\t\t\t\t\t\t\t\t\t\t\t\t\t<\/figcaption>\n\t\t\t<\/figure>\n\t\t<\/div>\n\t\t\t\t<\/div>\n\t\t\t\t<\/div>\n\t\t\t\t<\/div>\n\t\t<div class=\"elementor-element elementor-element-fbbf590 e-con-full e-flex wpr-particle-no wpr-jarallax-no wpr-parallax-no wpr-sticky-section-no wpr-equal-height-no e-con e-child\" data-id=\"fbbf590\" data-element_type=\"container\" data-e-type=\"container\" data-settings=\"{&quot;_ha_eqh_enable&quot;:false}\">\n\t\t\t\t<div class=\"elementor-element elementor-element-65a2b21 elementor-widget elementor-widget-ha-image-hover-effect happy-addon ha-image-hover-effect\" data-id=\"65a2b21\" data-element_type=\"widget\" data-e-type=\"widget\" data-widget_type=\"ha-image-hover-effect.default\">\n\t\t\t\t<div class=\"elementor-widget-container\">\n\t\t\t\t\t\t\t<div class=\"ha-ihe-wrapper grid\">\n\t\t\t<figure class=\"ha-ihe-fig ha-effect-bubba\">\n\t\t\t\t<img decoding=\"async\" class=\"ha-ihe-img\" src=\"https:\/\/freezedryglobal.com\/wp-content\/uploads\/2025\/01\/banana.jpg\" alt=\"\" \/>\n\t\t\t\t<figcaption class=\"ha-ihe-caption\">\n\t\t\t\t\t\t\t\t\t\t\t<h2 class=\"ha-ihe-title\">Banane<\/h2>\t\t\t\t\t\t\t\t\t\t\t\t\t<p class=\"ha-ihe-desc\"><\/p>\n\t\t\t\t\t\t\t\t\t\t\t\t\t\t\t\t\t\t\t\t\t<\/figcaption>\n\t\t\t<\/figure>\n\t\t<\/div>\n\t\t\t\t<\/div>\n\t\t\t\t<\/div>\n\t\t\t\t<\/div>\n\t\t<div class=\"elementor-element elementor-element-cc337ab e-con-full e-flex wpr-particle-no wpr-jarallax-no wpr-parallax-no wpr-sticky-section-no wpr-equal-height-no e-con e-child\" data-id=\"cc337ab\" data-element_type=\"container\" data-e-type=\"container\" data-settings=\"{&quot;_ha_eqh_enable&quot;:false}\">\n\t\t\t\t<div class=\"elementor-element elementor-element-4917622 elementor-widget elementor-widget-ha-image-hover-effect happy-addon ha-image-hover-effect\" data-id=\"4917622\" data-element_type=\"widget\" data-e-type=\"widget\" data-widget_type=\"ha-image-hover-effect.default\">\n\t\t\t\t<div class=\"elementor-widget-container\">\n\t\t\t\t\t\t\t<div class=\"ha-ihe-wrapper grid\">\n\t\t\t<figure class=\"ha-ihe-fig ha-effect-bubba\">\n\t\t\t\t<img decoding=\"async\" class=\"ha-ihe-img\" src=\"https:\/\/freezedryglobal.com\/wp-content\/uploads\/2025\/01\/blueberry-1.jpg\" alt=\"\" \/>\n\t\t\t\t<figcaption class=\"ha-ihe-caption\">\n\t\t\t\t\t\t\t\t\t\t\t<h2 class=\"ha-ihe-title\">Myrtilles<\/h2>\t\t\t\t\t\t\t\t\t\t\t\t\t<p class=\"ha-ihe-desc\"><\/p>\n\t\t\t\t\t\t\t\t\t\t\t\t\t\t\t\t\t\t\t\t\t<\/figcaption>\n\t\t\t<\/figure>\n\t\t<\/div>\n\t\t\t\t<\/div>\n\t\t\t\t<\/div>\n\t\t\t\t<\/div>\n\t\t<div class=\"elementor-element elementor-element-e480ed9 e-con-full e-flex wpr-particle-no wpr-jarallax-no wpr-parallax-no wpr-sticky-section-no wpr-equal-height-no e-con e-child\" data-id=\"e480ed9\" data-element_type=\"container\" data-e-type=\"container\" data-settings=\"{&quot;_ha_eqh_enable&quot;:false}\">\n\t\t\t\t<div class=\"elementor-element elementor-element-5935f29 elementor-widget elementor-widget-ha-image-hover-effect happy-addon ha-image-hover-effect\" data-id=\"5935f29\" data-element_type=\"widget\" data-e-type=\"widget\" data-widget_type=\"ha-image-hover-effect.default\">\n\t\t\t\t<div class=\"elementor-widget-container\">\n\t\t\t\t\t\t\t<div class=\"ha-ihe-wrapper grid\">\n\t\t\t<figure class=\"ha-ihe-fig ha-effect-bubba\">\n\t\t\t\t<img decoding=\"async\" class=\"ha-ihe-img\" src=\"https:\/\/freezedryglobal.com\/wp-content\/uploads\/2025\/01\/apple-kategori.jpg\" alt=\"\" \/>\n\t\t\t\t<figcaption class=\"ha-ihe-caption\">\n\t\t\t\t\t\t\t\t\t\t\t<h2 class=\"ha-ihe-title\">Pomme<\/h2>\t\t\t\t\t\t\t\t\t\t\t\t\t<p class=\"ha-ihe-desc\"><\/p>\n\t\t\t\t\t\t\t\t\t\t\t\t\t\t\t\t\t\t\t\t\t<\/figcaption>\n\t\t\t<\/figure>\n\t\t<\/div>\n\t\t\t\t<\/div>\n\t\t\t\t<\/div>\n\t\t\t\t<\/div>\n\t\t<div class=\"elementor-element elementor-element-8eb767b e-con-full e-flex wpr-particle-no wpr-jarallax-no wpr-parallax-no wpr-sticky-section-no wpr-equal-height-no e-con e-child\" data-id=\"8eb767b\" data-element_type=\"container\" data-e-type=\"container\" data-settings=\"{&quot;_ha_eqh_enable&quot;:false}\">\n\t\t\t\t<div class=\"elementor-element elementor-element-993d1e8 elementor-widget elementor-widget-ha-image-hover-effect happy-addon ha-image-hover-effect\" data-id=\"993d1e8\" data-element_type=\"widget\" data-e-type=\"widget\" data-widget_type=\"ha-image-hover-effect.default\">\n\t\t\t\t<div class=\"elementor-widget-container\">\n\t\t\t\t\t\t\t<div class=\"ha-ihe-wrapper grid\">\n\t\t\t<figure class=\"ha-ihe-fig ha-effect-bubba\">\n\t\t\t\t<img decoding=\"async\" class=\"ha-ihe-img\" src=\"https:\/\/freezedryglobal.com\/wp-content\/uploads\/2025\/01\/pineapple-scaled.jpg\" alt=\"\" \/>\n\t\t\t\t<figcaption class=\"ha-ihe-caption\">\n\t\t\t\t\t\t\t\t\t\t\t<h2 class=\"ha-ihe-title\">Ananas<\/h2>\t\t\t\t\t\t\t\t\t\t\t\t\t<p class=\"ha-ihe-desc\"><\/p>\n\t\t\t\t\t\t\t\t\t\t\t\t\t\t\t\t\t\t\t\t\t<\/figcaption>\n\t\t\t<\/figure>\n\t\t<\/div>\n\t\t\t\t<\/div>\n\t\t\t\t<\/div>\n\t\t\t\t<\/div>\n\t\t<div class=\"elementor-element elementor-element-58bfc64 e-con-full e-flex wpr-particle-no wpr-jarallax-no wpr-parallax-no wpr-sticky-section-no wpr-equal-height-no e-con e-child\" data-id=\"58bfc64\" data-element_type=\"container\" data-e-type=\"container\" data-settings=\"{&quot;_ha_eqh_enable&quot;:false}\">\n\t\t\t\t<div class=\"elementor-element elementor-element-34b2e46 elementor-widget elementor-widget-ha-image-hover-effect happy-addon ha-image-hover-effect\" data-id=\"34b2e46\" data-element_type=\"widget\" data-e-type=\"widget\" data-widget_type=\"ha-image-hover-effect.default\">\n\t\t\t\t<div class=\"elementor-widget-container\">\n\t\t\t\t\t\t\t<div class=\"ha-ihe-wrapper grid\">\n\t\t\t<figure class=\"ha-ihe-fig ha-effect-bubba\">\n\t\t\t\t<img decoding=\"async\" class=\"ha-ihe-img\" src=\"https:\/\/freezedryglobal.com\/wp-content\/uploads\/2025\/01\/portakal.jpg\" alt=\"\" \/>\n\t\t\t\t<figcaption class=\"ha-ihe-caption\">\n\t\t\t\t\t\t\t\t\t\t\t<h2 class=\"ha-ihe-title\">Orange<\/h2>\t\t\t\t\t\t\t\t\t\t\t\t\t<p class=\"ha-ihe-desc\"><\/p>\n\t\t\t\t\t\t\t\t\t\t\t\t\t\t\t\t\t\t\t\t\t<\/figcaption>\n\t\t\t<\/figure>\n\t\t<\/div>\n\t\t\t\t<\/div>\n\t\t\t\t<\/div>\n\t\t\t\t<\/div>\n\t\t\t\t\t<\/div>\n\t\t\t\t<\/div>\n\t\t\t\t<\/div>\n\t\t","protected":false},"excerpt":{"rendered":"<p>Page d&#8217;accueil Fruits Les fruits lyophilis\u00e9s constituent une option saine et savoureuse, pleine de bienfaits naturels et de saveurs fortes. Ils conservent les vitamines, les min\u00e9raux et les saveurs des fruits frais. Ils sont l\u00e9gers, durables et sans conservateurs. Parfaits pour les en-cas, les c\u00e9r\u00e9ales ou les recettes, ces fruits offrent une exp\u00e9rience de fruits frais \u00e0 tout moment et en tout lieu. Produits \u00e0 base de fruits lyophilis\u00e9s Notre proc\u00e9d\u00e9 de lyophilisation garantit une tr\u00e8s longue dur\u00e9e de conservation tout en gardant intacts les vitamines et min\u00e9raux importants. Cette m\u00e9thode offre une alternative pratique et fiable aux fruits frais. Entiers, tranch\u00e9s, hach\u00e9s ou en poudre, ces aliments retrouvent facilement leur \u00e9tat d&#8217;origine et constituent un moyen simple de d\u00e9guster des fruits de saison tout au long de l&#8217;ann\u00e9e. Produits \u00e0 Base de fruits Fraise Banane Myrtilles Pomme Ananas Orange<\/p>\n","protected":false},"author":1,"featured_media":0,"parent":0,"menu_order":0,"comment_status":"closed","ping_status":"closed","template":"","meta":{"footnotes":""},"class_list":["post-4078","page","type-page","status-publish","hentry"],"_links":{"self":[{"href":"https:\/\/freezedryglobal.com\/index.php\/wp-json\/wp\/v2\/pages\/4078","targetHints":{"allow":["GET"]}}],"collection":[{"href":"https:\/\/freezedryglobal.com\/index.php\/wp-json\/wp\/v2\/pages"}],"about":[{"href":"https:\/\/freezedryglobal.com\/index.php\/wp-json\/wp\/v2\/types\/page"}],"author":[{"embeddable":true,"href":"https:\/\/freezedryglobal.com\/index.php\/wp-json\/wp\/v2\/users\/1"}],"replies":[{"embeddable":true,"href":"https:\/\/freezedryglobal.com\/index.php\/wp-json\/wp\/v2\/comments?post=4078"}],"version-history":[{"count":9,"href":"https:\/\/freezedryglobal.com\/index.php\/wp-json\/wp\/v2\/pages\/4078\/revisions"}],"predecessor-version":[{"id":5667,"href":"https:\/\/freezedryglobal.com\/index.php\/wp-json\/wp\/v2\/pages\/4078\/revisions\/5667"}],"wp:attachment":[{"href":"https:\/\/freezedryglobal.com\/index.php\/wp-json\/wp\/v2\/media?parent=4078"}],"curies":[{"name":"wp","href":"https:\/\/api.w.org\/{rel}","templated":true}]}}