{"id":4070,"date":"2025-03-03T14:04:37","date_gmt":"2025-03-03T11:04:37","guid":{"rendered":"https:\/\/freezedryglobal.com\/?page_id=4070"},"modified":"2025-12-03T15:22:26","modified_gmt":"2025-12-03T12:22:26","slug":"ingredients-2","status":"publish","type":"page","link":"https:\/\/freezedryglobal.com\/index.php\/fr\/ingredients-2\/","title":{"rendered":"Ingr\u00e9dients"},"content":{"rendered":"\t\t<div data-elementor-type=\"wp-page\" data-elementor-id=\"4070\" class=\"elementor elementor-4070\" data-elementor-settings=\"{&quot;ha_cmc_init_switcher&quot;:&quot;no&quot;}\">\n\t\t\t\t\t\t<section class=\"elementor-section elementor-top-section elementor-element elementor-element-31091b1 elementor-section-boxed elementor-section-height-default elementor-section-height-default wpr-particle-no wpr-jarallax-no wpr-parallax-no wpr-sticky-section-no wpr-equal-height-no\" data-id=\"31091b1\" data-element_type=\"section\" data-e-type=\"section\" data-settings=\"{&quot;background_background&quot;:&quot;classic&quot;,&quot;_ha_eqh_enable&quot;:false}\">\n\t\t\t\t\t\t<div class=\"elementor-container elementor-column-gap-default\">\n\t\t\t\t\t<div class=\"elementor-column elementor-col-100 elementor-top-column elementor-element elementor-element-c4cbb1f\" data-id=\"c4cbb1f\" data-element_type=\"column\" data-e-type=\"column\" data-settings=\"{&quot;background_background&quot;:&quot;classic&quot;}\">\n\t\t\t<div class=\"elementor-widget-wrap elementor-element-populated\">\n\t\t\t\t\t\t<section class=\"elementor-section elementor-inner-section elementor-element elementor-element-fae9b61 elementor-section-boxed elementor-section-height-default elementor-section-height-default wpr-particle-no wpr-jarallax-no wpr-parallax-no wpr-sticky-section-no wpr-equal-height-no\" data-id=\"fae9b61\" data-element_type=\"section\" data-e-type=\"section\" data-settings=\"{&quot;_ha_eqh_enable&quot;:false}\">\n\t\t\t\t\t\t<div class=\"elementor-container elementor-column-gap-default\">\n\t\t\t\t\t<div class=\"elementor-column elementor-col-100 elementor-inner-column elementor-element elementor-element-e13615b\" data-id=\"e13615b\" data-element_type=\"column\" data-e-type=\"column\">\n\t\t\t<div class=\"elementor-widget-wrap elementor-element-populated\">\n\t\t\t\t\t\t<div class=\"elementor-element elementor-element-29899a6 elementor-widget elementor-widget-hfe-breadcrumbs-widget\" data-id=\"29899a6\" data-element_type=\"widget\" data-e-type=\"widget\" data-widget_type=\"hfe-breadcrumbs-widget.default\">\n\t\t\t\t<div class=\"elementor-widget-container\">\n\t\t\t\t\t<nav aria-label=\"Breadcrumb\"><ul class=\"hfe-breadcrumbs hfe-breadcrumbs-show-home\"><li class=\"hfe-breadcrumbs-item hfe-breadcrumbs-first\"><span class=\"hfe-breadcrumbs-home-icon\"><\/span><a href=\"https:\/\/freezedryglobal.com\"><span class=\"hfe-breadcrumbs-text\">Page d'accueil<\/span><\/a><\/li><\/ul><\/nav>\t\t\t\t<\/div>\n\t\t\t\t<\/div>\n\t\t\t\t<div class=\"elementor-element elementor-element-fcde826 elementor-widget__width-initial elementor-widget elementor-widget-elementskit-heading\" data-id=\"fcde826\" data-element_type=\"widget\" data-e-type=\"widget\" data-widget_type=\"elementskit-heading.default\">\n\t\t\t\t<div class=\"elementor-widget-container\">\n\t\t\t\t\t<div class=\"ekit-wid-con\" ><div class=\"ekit-heading elementskit-section-title-wraper text_left   ekit_heading_tablet-   ekit_heading_mobile-text_left\"><h2 class=\"ekit-heading--title elementskit-section-title \">Ingr\u00e9dients<\/h2>\t\t\t\t<div class='ekit-heading__description'>\n\t\t\t\t\t<p><\/p>\n<div class=\"main-content svelte-1kwuhj\">\n<div class=\"content-container svelte-1kwuhj\">\n<div class=\"translator-container svelte-1o4xy6w\">\n<div class=\"output-area svelte-f1iv6z\">Les ingr\u00e9dients lyophilis\u00e9s \u00e9vitent la d\u00e9t\u00e9rioration pendant les longs trajets et vous permettent d'atteindre votre prochaine destination en toute s\u00e9curit\u00e9. L\u00e9gers, dot\u00e9s d'une longue dur\u00e9e de conservation et pr\u00e9servant leurs propri\u00e9t\u00e9s naturelles, ils constituent une option id\u00e9ale pour aromatiser, d\u00e9corer ou parfumer vos plats.<\/div>\n<\/div>\n<\/div>\n<\/div>\n<p><\/p>\n\t\t\t\t<\/div>\n\t\t\t<\/div><\/div>\t\t\t\t<\/div>\n\t\t\t\t<\/div>\n\t\t\t\t\t<\/div>\n\t\t<\/div>\n\t\t\t\t\t<\/div>\n\t\t<\/section>\n\t\t\t\t\t<\/div>\n\t\t<\/div>\n\t\t\t\t\t<\/div>\n\t\t<\/section>\n\t\t<div class=\"elementor-element elementor-element-dbe8020 e-flex e-con-boxed wpr-particle-no wpr-jarallax-no wpr-parallax-no wpr-sticky-section-no wpr-equal-height-no e-con e-parent\" data-id=\"dbe8020\" data-element_type=\"container\" data-e-type=\"container\" data-settings=\"{&quot;_ha_eqh_enable&quot;:false}\">\n\t\t\t\t\t<div class=\"e-con-inner\">\n\t\t<div class=\"elementor-element elementor-element-01666f7 e-con-full e-flex wpr-particle-no wpr-jarallax-no wpr-parallax-no wpr-sticky-section-no wpr-equal-height-no e-con e-child\" data-id=\"01666f7\" data-element_type=\"container\" data-e-type=\"container\" data-settings=\"{&quot;_ha_eqh_enable&quot;:false}\">\n\t\t\t\t<div class=\"elementor-element elementor-element-2bd95b0 elementor-widget elementor-widget-heading\" data-id=\"2bd95b0\" data-element_type=\"widget\" data-e-type=\"widget\" data-widget_type=\"heading.default\">\n\t\t\t\t<div class=\"elementor-widget-container\">\n\t\t\t\t\t<h2 class=\"elementor-heading-title elementor-size-default\">Ingr\u00e9dients lyophilis\u00e9s<\/h2>\t\t\t\t<\/div>\n\t\t\t\t<\/div>\n\t\t\t\t<div class=\"elementor-element elementor-element-e06edd6 elementor-widget elementor-widget-text-editor\" data-id=\"e06edd6\" data-element_type=\"widget\" data-e-type=\"widget\" data-widget_type=\"text-editor.default\">\n\t\t\t\t<div class=\"elementor-widget-container\">\n\t\t\t\t\t\t\t\t\t<main class=\"main-content svelte-1kyh4fl\"><div class=\"main-content svelte-1kwuhj\"><div class=\"content-container svelte-1kwuhj\"><div class=\"translator-container svelte-1o4xy6w\" data-testid=\"side-panel-translator\"><div class=\"output-area svelte-f1iv6z\" data-testid=\"side-panel-output\">Gr\u00e2ce \u00e0 notre technologie sp\u00e9ciale de lyophilisation, les saveurs, textures et propri\u00e9t\u00e9s naturelles des portions fra\u00eeches ou liquides sont pr\u00e9serv\u00e9es. Sous forme de poudre, de flocons ou de granul\u00e9s, ces ingr\u00e9dients sont faciles \u00e0 utiliser et s&#8217;int\u00e8grent parfaitement \u00e0 vos recettes. Parfaits pour les ingr\u00e9dients de cuisson, les \u00e9pices ou les applications sp\u00e9ciales, ils s&#8217;ajoutent sans effort \u00e0 vos cr\u00e9ations culinaires.<\/div><\/div><\/div><\/div><\/main><footer class=\"footer svelte-1kyh4fl\"><div><div class=\"footer-section svelte-1kwuhj\"><div class=\"toggle-container svelte-1d450ni no-border\" data-testid=\"side-panel-glossary\"><div class=\"settings-section switch-container svelte-1d450ni\"><div class=\"switch-content svelte-1d450ni\">\u00a0<\/div><\/div><\/div><\/div><\/div><\/footer>\t\t\t\t\t\t\t\t<\/div>\n\t\t\t\t<\/div>\n\t\t\t\t<\/div>\n\t\t<div class=\"elementor-element elementor-element-74c83ab e-con-full e-flex wpr-particle-no wpr-jarallax-no wpr-parallax-no wpr-sticky-section-no wpr-equal-height-no e-con e-child\" data-id=\"74c83ab\" data-element_type=\"container\" data-e-type=\"container\" data-settings=\"{&quot;_ha_eqh_enable&quot;:false}\">\n\t\t\t\t<div class=\"elementor-element elementor-element-7da455c elementor-widget elementor-widget-image\" data-id=\"7da455c\" data-element_type=\"widget\" data-e-type=\"widget\" data-widget_type=\"image.default\">\n\t\t\t\t<div class=\"elementor-widget-container\">\n\t\t\t\t\t\t\t\t\t\t\t\t\t\t\t<img fetchpriority=\"high\" decoding=\"async\" width=\"800\" height=\"680\" src=\"https:\/\/freezedryglobal.com\/wp-content\/uploads\/2025\/01\/ingredients-2.-gorseli-1024x870.jpg\" class=\"attachment-large size-large wp-image-2621\" alt=\"\" srcset=\"https:\/\/freezedryglobal.com\/wp-content\/uploads\/2025\/01\/ingredients-2.-gorseli-1024x870.jpg 1024w, https:\/\/freezedryglobal.com\/wp-content\/uploads\/2025\/01\/ingredients-2.-gorseli-300x255.jpg 300w, https:\/\/freezedryglobal.com\/wp-content\/uploads\/2025\/01\/ingredients-2.-gorseli-768x652.jpg 768w, https:\/\/freezedryglobal.com\/wp-content\/uploads\/2025\/01\/ingredients-2.-gorseli-1536x1305.jpg 1536w, https:\/\/freezedryglobal.com\/wp-content\/uploads\/2025\/01\/ingredients-2.-gorseli-2048x1740.jpg 2048w\" sizes=\"(max-width: 800px) 100vw, 800px\" \/>\t\t\t\t\t\t\t\t\t\t\t\t\t\t\t<\/div>\n\t\t\t\t<\/div>\n\t\t\t\t<\/div>\n\t\t\t\t\t<\/div>\n\t\t\t\t<\/div>\n\t\t<div class=\"elementor-element elementor-element-c1d7c5c e-flex e-con-boxed wpr-particle-no wpr-jarallax-no wpr-parallax-no wpr-sticky-section-no wpr-equal-height-no e-con e-parent\" data-id=\"c1d7c5c\" data-element_type=\"container\" data-e-type=\"container\" data-settings=\"{&quot;_ha_eqh_enable&quot;:false}\">\n\t\t\t\t\t<div class=\"e-con-inner\">\n\t\t\t\t<div class=\"elementor-element elementor-element-e575e34 premium-header-inline premium-lq__none premium-box-lq__none elementor-widget elementor-widget-premium-addon-dual-header\" data-id=\"e575e34\" data-element_type=\"widget\" data-e-type=\"widget\" data-widget_type=\"premium-addon-dual-header.default\">\n\t\t\t\t\t\n\t\t<div class=\"elementor-widget-container\">\n\t\t\t\t\t<h2 class=\"premium-dual-header-first-header \"><span class=\"premium-dual-header-first-span\">Produits <\/span><span class=\"premium-dual-header-second-header \">Ingr\u00e9dients<\/span><\/h2> \t\t\t\t<\/div>\n\n\t\t\t\t\t\t<\/div>\n\t\t\t\t\t<\/div>\n\t\t\t\t<\/div>\n\t\t<div class=\"elementor-element elementor-element-6855430 e-flex e-con-boxed wpr-particle-no wpr-jarallax-no wpr-parallax-no wpr-sticky-section-no wpr-equal-height-no e-con e-parent\" data-id=\"6855430\" data-element_type=\"container\" data-e-type=\"container\" data-settings=\"{&quot;_ha_eqh_enable&quot;:false}\">\n\t\t\t\t\t<div class=\"e-con-inner\">\n\t\t<div class=\"elementor-element elementor-element-d3765f3 e-con-full e-flex wpr-particle-no wpr-jarallax-no wpr-parallax-no wpr-sticky-section-no wpr-equal-height-no e-con e-child\" data-id=\"d3765f3\" data-element_type=\"container\" data-e-type=\"container\" data-settings=\"{&quot;_ha_eqh_enable&quot;:false}\">\n\t\t\t\t<div class=\"elementor-element elementor-element-c2f67a3 elementor-widget elementor-widget-ha-image-hover-effect happy-addon ha-image-hover-effect\" data-id=\"c2f67a3\" data-element_type=\"widget\" data-e-type=\"widget\" data-widget_type=\"ha-image-hover-effect.default\">\n\t\t\t\t<div class=\"elementor-widget-container\">\n\t\t\t\t\t\t\t<div class=\"ha-ihe-wrapper grid\">\n\t\t\t<figure class=\"ha-ihe-fig ha-effect-bubba\">\n\t\t\t\t<img decoding=\"async\" class=\"ha-ihe-img\" src=\"https:\/\/freezedryglobal.com\/wp-content\/uploads\/2025\/01\/herbs-spices-scaled.jpg\" alt=\"\" \/>\n\t\t\t\t<figcaption class=\"ha-ihe-caption\">\n\t\t\t\t\t\t\t\t\t\t\t<h2 class=\"ha-ihe-title\">\u00c9PICES<\/h2>\t\t\t\t\t\t\t\t\t\t\t\t\t<p class=\"ha-ihe-desc\"><\/p>\n\t\t\t\t\t\t\t\t\t\t\t\t\t\t\t\t\t\t\t\t\t<\/figcaption>\n\t\t\t<\/figure>\n\t\t<\/div>\n\t\t\t\t<\/div>\n\t\t\t\t<\/div>\n\t\t\t\t<\/div>\n\t\t<div class=\"elementor-element elementor-element-fbbf590 e-con-full e-flex wpr-particle-no wpr-jarallax-no wpr-parallax-no wpr-sticky-section-no wpr-equal-height-no e-con e-child\" data-id=\"fbbf590\" data-element_type=\"container\" data-e-type=\"container\" data-settings=\"{&quot;_ha_eqh_enable&quot;:false}\">\n\t\t\t\t<div class=\"elementor-element elementor-element-65a2b21 elementor-widget elementor-widget-ha-image-hover-effect happy-addon ha-image-hover-effect\" data-id=\"65a2b21\" data-element_type=\"widget\" data-e-type=\"widget\" data-widget_type=\"ha-image-hover-effect.default\">\n\t\t\t\t<div class=\"elementor-widget-container\">\n\t\t\t\t\t\t\t<div class=\"ha-ihe-wrapper grid\">\n\t\t\t<figure class=\"ha-ihe-fig ha-effect-bubba\">\n\t\t\t\t<img decoding=\"async\" class=\"ha-ihe-img\" src=\"https:\/\/freezedryglobal.com\/wp-content\/uploads\/2025\/01\/fruit-powders-scaled.jpg\" alt=\"\" \/>\n\t\t\t\t<figcaption class=\"ha-ihe-caption\">\n\t\t\t\t\t\t\t\t\t\t\t<h2 class=\"ha-ihe-title\">POUDRE DE FRUITS<\/h2>\t\t\t\t\t\t\t\t\t\t\t\t\t<p class=\"ha-ihe-desc\"><\/p>\n\t\t\t\t\t\t\t\t\t\t\t\t\t\t\t\t\t\t\t\t\t<\/figcaption>\n\t\t\t<\/figure>\n\t\t<\/div>\n\t\t\t\t<\/div>\n\t\t\t\t<\/div>\n\t\t\t\t<\/div>\n\t\t<div class=\"elementor-element elementor-element-cc337ab e-con-full e-flex wpr-particle-no wpr-jarallax-no wpr-parallax-no wpr-sticky-section-no wpr-equal-height-no e-con e-child\" data-id=\"cc337ab\" data-element_type=\"container\" data-e-type=\"container\" data-settings=\"{&quot;_ha_eqh_enable&quot;:false}\">\n\t\t\t\t<div class=\"elementor-element elementor-element-4917622 elementor-widget elementor-widget-ha-image-hover-effect happy-addon ha-image-hover-effect\" data-id=\"4917622\" data-element_type=\"widget\" data-e-type=\"widget\" data-widget_type=\"ha-image-hover-effect.default\">\n\t\t\t\t<div class=\"elementor-widget-container\">\n\t\t\t\t\t\t\t<div class=\"ha-ihe-wrapper grid\">\n\t\t\t<figure class=\"ha-ihe-fig ha-effect-bubba\">\n\t\t\t\t<img decoding=\"async\" class=\"ha-ihe-img\" src=\"https:\/\/freezedryglobal.com\/wp-content\/uploads\/2025\/01\/vegetable-powders-scaled.jpg\" alt=\"\" \/>\n\t\t\t\t<figcaption class=\"ha-ihe-caption\">\n\t\t\t\t\t\t\t\t\t\t\t<h2 class=\"ha-ihe-title\">POUPEES DE PLANTES<\/h2>\t\t\t\t\t\t\t\t\t\t\t\t\t<p class=\"ha-ihe-desc\"><\/p>\n\t\t\t\t\t\t\t\t\t\t\t\t\t\t\t\t\t\t\t\t\t<\/figcaption>\n\t\t\t<\/figure>\n\t\t<\/div>\n\t\t\t\t<\/div>\n\t\t\t\t<\/div>\n\t\t\t\t<\/div>\n\t\t<div class=\"elementor-element elementor-element-e480ed9 e-con-full e-flex wpr-particle-no wpr-jarallax-no wpr-parallax-no wpr-sticky-section-no wpr-equal-height-no e-con e-child\" data-id=\"e480ed9\" data-element_type=\"container\" data-e-type=\"container\" data-settings=\"{&quot;_ha_eqh_enable&quot;:false}\">\n\t\t\t\t<div class=\"elementor-element elementor-element-5935f29 elementor-widget elementor-widget-ha-image-hover-effect happy-addon ha-image-hover-effect\" data-id=\"5935f29\" data-element_type=\"widget\" data-e-type=\"widget\" data-widget_type=\"ha-image-hover-effect.default\">\n\t\t\t\t<div class=\"elementor-widget-container\">\n\t\t\t\t\t\t\t<div class=\"ha-ihe-wrapper grid\">\n\t\t\t<figure class=\"ha-ihe-fig ha-effect-bubba\">\n\t\t\t\t<img decoding=\"async\" class=\"ha-ihe-img\" src=\"https:\/\/freezedryglobal.com\/wp-content\/uploads\/2025\/01\/dairy-products-scaled.jpg\" alt=\"\" \/>\n\t\t\t\t<figcaption class=\"ha-ihe-caption\">\n\t\t\t\t\t\t\t\t\t\t\t<h2 class=\"ha-ihe-title\">PRODUITS LAITIERS<\/h2>\t\t\t\t\t\t\t\t\t\t\t\t\t<p class=\"ha-ihe-desc\"><\/p>\n\t\t\t\t\t\t\t\t\t\t\t\t\t\t\t\t\t\t\t\t\t<\/figcaption>\n\t\t\t<\/figure>\n\t\t<\/div>\n\t\t\t\t<\/div>\n\t\t\t\t<\/div>\n\t\t\t\t<\/div>\n\t\t<div class=\"elementor-element elementor-element-8eb767b e-con-full e-flex wpr-particle-no wpr-jarallax-no wpr-parallax-no wpr-sticky-section-no wpr-equal-height-no e-con e-child\" data-id=\"8eb767b\" data-element_type=\"container\" data-e-type=\"container\" data-settings=\"{&quot;_ha_eqh_enable&quot;:false}\">\n\t\t\t\t<div class=\"elementor-element elementor-element-993d1e8 elementor-widget elementor-widget-ha-image-hover-effect happy-addon ha-image-hover-effect\" data-id=\"993d1e8\" data-element_type=\"widget\" data-e-type=\"widget\" data-widget_type=\"ha-image-hover-effect.default\">\n\t\t\t\t<div class=\"elementor-widget-container\">\n\t\t\t\t\t\t\t<div class=\"ha-ihe-wrapper grid\">\n\t\t\t<figure class=\"ha-ihe-fig ha-effect-bubba\">\n\t\t\t\t<img decoding=\"async\" class=\"ha-ihe-img\" src=\"https:\/\/freezedryglobal.com\/wp-content\/uploads\/2025\/01\/super-foods-scaled.jpg\" alt=\"\" \/>\n\t\t\t\t<figcaption class=\"ha-ihe-caption\">\n\t\t\t\t\t\t\t\t\t\t\t<h2 class=\"ha-ihe-title\">SUPER ALIMENTS<\/h2>\t\t\t\t\t\t\t\t\t\t\t\t\t<p class=\"ha-ihe-desc\"><\/p>\n\t\t\t\t\t\t\t\t\t\t\t\t\t\t\t\t\t\t\t\t\t<\/figcaption>\n\t\t\t<\/figure>\n\t\t<\/div>\n\t\t\t\t<\/div>\n\t\t\t\t<\/div>\n\t\t\t\t<\/div>\n\t\t\t\t\t<\/div>\n\t\t\t\t<\/div>\n\t\t\t\t<\/div>\n\t\t","protected":false},"excerpt":{"rendered":"<p>Page d&#8217;accueil Ingr\u00e9dients Les ingr\u00e9dients lyophilis\u00e9s \u00e9vitent la d\u00e9t\u00e9rioration pendant les longs trajets et vous permettent d&#8217;atteindre votre prochaine destination en toute s\u00e9curit\u00e9. L\u00e9gers, dot\u00e9s d&#8217;une longue dur\u00e9e de conservation et pr\u00e9servant leurs propri\u00e9t\u00e9s naturelles, ils constituent une option id\u00e9ale pour aromatiser, d\u00e9corer ou parfumer vos plats. Ingr\u00e9dients lyophilis\u00e9s Gr\u00e2ce \u00e0 notre technologie sp\u00e9ciale de lyophilisation, les saveurs, textures et propri\u00e9t\u00e9s naturelles des portions fra\u00eeches ou liquides sont pr\u00e9serv\u00e9es. Sous forme de poudre, de flocons ou de granul\u00e9s, ces ingr\u00e9dients sont faciles \u00e0 utiliser et s&#8217;int\u00e8grent parfaitement \u00e0 vos recettes. Parfaits pour les ingr\u00e9dients de cuisson, les \u00e9pices ou les applications sp\u00e9ciales, ils s&#8217;ajoutent sans effort \u00e0 vos cr\u00e9ations culinaires. \u00a0 Produits Ingr\u00e9dients \u00c9PICES POUDRE DE FRUITS POUPEES DE PLANTES PRODUITS LAITIERS SUPER ALIMENTS<\/p>\n","protected":false},"author":1,"featured_media":0,"parent":0,"menu_order":0,"comment_status":"closed","ping_status":"closed","template":"","meta":{"footnotes":""},"class_list":["post-4070","page","type-page","status-publish","hentry"],"_links":{"self":[{"href":"https:\/\/freezedryglobal.com\/index.php\/wp-json\/wp\/v2\/pages\/4070","targetHints":{"allow":["GET"]}}],"collection":[{"href":"https:\/\/freezedryglobal.com\/index.php\/wp-json\/wp\/v2\/pages"}],"about":[{"href":"https:\/\/freezedryglobal.com\/index.php\/wp-json\/wp\/v2\/types\/page"}],"author":[{"embeddable":true,"href":"https:\/\/freezedryglobal.com\/index.php\/wp-json\/wp\/v2\/users\/1"}],"replies":[{"embeddable":true,"href":"https:\/\/freezedryglobal.com\/index.php\/wp-json\/wp\/v2\/comments?post=4070"}],"version-history":[{"count":15,"href":"https:\/\/freezedryglobal.com\/index.php\/wp-json\/wp\/v2\/pages\/4070\/revisions"}],"predecessor-version":[{"id":5717,"href":"https:\/\/freezedryglobal.com\/index.php\/wp-json\/wp\/v2\/pages\/4070\/revisions\/5717"}],"wp:attachment":[{"href":"https:\/\/freezedryglobal.com\/index.php\/wp-json\/wp\/v2\/media?parent=4070"}],"curies":[{"name":"wp","href":"https:\/\/api.w.org\/{rel}","templated":true}]}}