{"id":4065,"date":"2025-03-03T13:44:28","date_gmt":"2025-03-03T10:44:28","guid":{"rendered":"https:\/\/freezedryglobal.com\/?page_id=4065"},"modified":"2025-03-03T13:51:27","modified_gmt":"2025-03-03T10:51:27","slug":"questions-frequemment-posees","status":"publish","type":"page","link":"https:\/\/freezedryglobal.com\/index.php\/fr\/questions-frequemment-posees\/","title":{"rendered":"questions fr\u00e9quemment pos\u00e9es"},"content":{"rendered":"\t\t<div data-elementor-type=\"wp-page\" data-elementor-id=\"4065\" class=\"elementor elementor-4065\" data-elementor-settings=\"{&quot;ha_cmc_init_switcher&quot;:&quot;no&quot;}\">\n\t\t\t\t<div class=\"elementor-element elementor-element-2e825a66 e-con-full wps-faq-search-bar e-flex wpr-particle-no wpr-jarallax-no wpr-parallax-no wpr-sticky-section-no wpr-equal-height-no e-con e-parent\" data-id=\"2e825a66\" data-element_type=\"container\" data-e-type=\"container\" data-settings=\"{&quot;_ha_eqh_enable&quot;:false}\">\n\t\t\t\t<div class=\"elementor-element elementor-element-605bdf33 elementor-widget elementor-widget-heading\" data-id=\"605bdf33\" data-element_type=\"widget\" data-e-type=\"widget\" data-widget_type=\"heading.default\">\n\t\t\t\t<div class=\"elementor-widget-container\">\n\t\t\t\t\t<h2 class=\"elementor-heading-title elementor-size-default\">Questions Fr\u00e9quemment Pos\u00e9es<\/h2>\t\t\t\t<\/div>\n\t\t\t\t<\/div>\n\t\t\t\t<div class=\"elementor-element elementor-element-5a5901ce elementor-widget elementor-widget-elementskit-accordion\" data-id=\"5a5901ce\" data-element_type=\"widget\" data-e-type=\"widget\" data-widget_type=\"elementskit-accordion.default\">\n\t\t\t\t<div class=\"elementor-widget-container\">\n\t\t\t\t\t<div class=\"ekit-wid-con\" >\n        <div class=\"elementskit-accordion accoedion-primary\" id=\"accordion-69e0dfd75f786\">\n\n            \n                <div class=\"elementskit-card active\">\n                    <div class=\"elementskit-card-header\" id=\"primaryHeading-0-5a5901ce\">\n                        <a href=\"#collapse-0018af869e0dfd75f786\" class=\"ekit-accordion--toggler elementskit-btn-link collapsed\" data-ekit-toggle=\"collapse\" data-target=\"#Collapse-0018af869e0dfd75f786\" aria-expanded=\"true\" aria-controls=\"Collapse-0018af869e0dfd75f786\">\n                            \n                                <span class=\"number\"><\/span>\n\n                            \n                            <span class=\"ekit-accordion-title\">Qu&#039;est-ce qu&#039;une plate-forme ?<\/span>\n\n                            \n                                <div class=\"ekit_accordion_icon_group\">\n                                    <div class=\"ekit_accordion_normal_icon\">\n                                        <!-- Normal Icon -->\n\t\t\t\t\t\t\t\t\t\t                                    <\/div>\n\n                                    <div class=\"ekit_accordion_active_icon\">\n                                        <!-- Active Icon -->\n\t\t\t\t\t\t\t\t\t\t                                    <\/div>\n                                <\/div>\n\n                            \n                                                    <\/a>\n                    <\/div>\n\n                    <div id=\"Collapse-0018af869e0dfd75f786\" class=\" show collapse\" aria-labelledby=\"primaryHeading-0-5a5901ce\" data-parent=\"#accordion-69e0dfd75f786\">\n\n                        <div class=\"elementskit-card-body ekit-accordion--content\">\n                            <p>FDG est une plateforme. C'est un syst\u00e8me qui r\u00e9unit les agriculteurs, les propri\u00e9taires de machines de lyophilisation et les acheteurs. En tant que FDG, notre t\u00e2che est de fournir les liens entre eux, afin que chacun puisse se concentrer sur sa propre activit\u00e9 et ne pas avoir \u00e0 se pr\u00e9occuper d'autres questions.<\/p>                        <\/div>\n\n                    <\/div>\n\n                <\/div><!-- .elementskit-card END -->\n\n                \n                <div class=\"elementskit-card \">\n                    <div class=\"elementskit-card-header\" id=\"primaryHeading-1-5a5901ce\">\n                        <a href=\"#collapse-351a94f69e0dfd75f786\" class=\"ekit-accordion--toggler elementskit-btn-link collapsed\" data-ekit-toggle=\"collapse\" data-target=\"#Collapse-351a94f69e0dfd75f786\" aria-expanded=\"false\" aria-controls=\"Collapse-351a94f69e0dfd75f786\">\n                            \n                                <span class=\"number\"><\/span>\n\n                            \n                            <span class=\"ekit-accordion-title\">Pourquoi devrais-je travailler avec vous en tant qu&#039;agriculteur ?<\/span>\n\n                            \n                                <div class=\"ekit_accordion_icon_group\">\n                                    <div class=\"ekit_accordion_normal_icon\">\n                                        <!-- Normal Icon -->\n\t\t\t\t\t\t\t\t\t\t                                    <\/div>\n\n                                    <div class=\"ekit_accordion_active_icon\">\n                                        <!-- Active Icon -->\n\t\t\t\t\t\t\t\t\t\t                                    <\/div>\n                                <\/div>\n\n                            \n                                                    <\/a>\n                    <\/div>\n\n                    <div id=\"Collapse-351a94f69e0dfd75f786\" class=\" collapse\" aria-labelledby=\"primaryHeading-1-5a5901ce\" data-parent=\"#accordion-69e0dfd75f786\">\n\n                        <div class=\"elementskit-card-body ekit-accordion--content\">\n                            <p>Si vous coop\u00e9rez avec nous, vous aurez la possibilit\u00e9 de vendre vos produits en gros. Vous disposerez ainsi d'un mod\u00e8le commercial B2B et pourrez vendre une grande quantit\u00e9 de produits en peu de temps. Le contr\u00f4le de la qualit\u00e9 des produits sera effectu\u00e9 par nous et, en cas de situation n\u00e9gative, nous pourrons vous contacter et vous informer de la n\u00e9cessit\u00e9 d'am\u00e9liorer vos produits.<\/p>                        <\/div>\n\n                    <\/div>\n\n                <\/div><!-- .elementskit-card END -->\n\n                \n                <div class=\"elementskit-card \">\n                    <div class=\"elementskit-card-header\" id=\"primaryHeading-2-5a5901ce\">\n                        <a href=\"#collapse-6dfa56b69e0dfd75f786\" class=\"ekit-accordion--toggler elementskit-btn-link collapsed\" data-ekit-toggle=\"collapse\" data-target=\"#Collapse-6dfa56b69e0dfd75f786\" aria-expanded=\"false\" aria-controls=\"Collapse-6dfa56b69e0dfd75f786\">\n                            \n                                <span class=\"number\"><\/span>\n\n                            \n                            <span class=\"ekit-accordion-title\">Pourquoi devrais-je travailler avec vous en tant que propri\u00e9taire d&#039;une machine lyophilis\u00e9e ?<\/span>\n\n                            \n                                <div class=\"ekit_accordion_icon_group\">\n                                    <div class=\"ekit_accordion_normal_icon\">\n                                        <!-- Normal Icon -->\n\t\t\t\t\t\t\t\t\t\t                                    <\/div>\n\n                                    <div class=\"ekit_accordion_active_icon\">\n                                        <!-- Active Icon -->\n\t\t\t\t\t\t\t\t\t\t                                    <\/div>\n                                <\/div>\n\n                            \n                                                    <\/a>\n                    <\/div>\n\n                    <div id=\"Collapse-6dfa56b69e0dfd75f786\" class=\" collapse\" aria-labelledby=\"primaryHeading-2-5a5901ce\" data-parent=\"#accordion-69e0dfd75f786\">\n\n                        <div class=\"elementskit-card-body ekit-accordion--content\">\n                            <p>Si vous coop\u00e9rez avec nous, vous aurez la possibilit\u00e9 d'acheter votre mati\u00e8re premi\u00e8re, les fruits et l\u00e9gumes, moins cher. Comme notre plateforme fournit des produits \u00e0 de nombreux propri\u00e9taires de machines, dont vous faites partie, elle ach\u00e8te en gros et c'est donc beaucoup plus logique que d'acheter seul.<\/p><p>En outre, nous pouvons vous fournir toutes sortes d'assistance technique au cours du processus de production gr\u00e2ce \u00e0 notre \u00e9quipe exp\u00e9riment\u00e9e. Nous vous aidons \u00e0 \u00e9largir votre gamme de produits et \u00e0 produire plus efficacement. Tous les tests des produits que vous ach\u00e8terez et vendrez seront effectu\u00e9s par nos soins, ce qui vous \u00e9vitera tout doute.<\/p><p>Enfin, si vous participez \u00e0 notre plateforme, vous n'aurez pas \u00e0 vous soucier de la vente de vos produits. Notre plateforme vous permet de r\u00e9aliser des ventes de gros volumes en vous regroupant avec de nombreux propri\u00e9taires de machines lyophilis\u00e9es comme vous, vous pouvez donc r\u00e9aliser des ventes que vous ne pouvez pas faire seul gr\u00e2ce \u00e0 notre plateforme.<\/p>                        <\/div>\n\n                    <\/div>\n\n                <\/div><!-- .elementskit-card END -->\n\n                \n                <div class=\"elementskit-card \">\n                    <div class=\"elementskit-card-header\" id=\"primaryHeading-3-5a5901ce\">\n                        <a href=\"#collapse-b437cff69e0dfd75f786\" class=\"ekit-accordion--toggler elementskit-btn-link collapsed\" data-ekit-toggle=\"collapse\" data-target=\"#Collapse-b437cff69e0dfd75f786\" aria-expanded=\"false\" aria-controls=\"Collapse-b437cff69e0dfd75f786\">\n                            \n                                <span class=\"number\"><\/span>\n\n                            \n                            <span class=\"ekit-accordion-title\">Pourquoi devrais-je m&#039;adresser \u00e0 vous en tant qu&#039;acheteur ?<\/span>\n\n                            \n                                <div class=\"ekit_accordion_icon_group\">\n                                    <div class=\"ekit_accordion_normal_icon\">\n                                        <!-- Normal Icon -->\n\t\t\t\t\t\t\t\t\t\t                                    <\/div>\n\n                                    <div class=\"ekit_accordion_active_icon\">\n                                        <!-- Active Icon -->\n\t\t\t\t\t\t\t\t\t\t                                    <\/div>\n                                <\/div>\n\n                            \n                                                    <\/a>\n                    <\/div>\n\n                    <div id=\"Collapse-b437cff69e0dfd75f786\" class=\" collapse\" aria-labelledby=\"primaryHeading-3-5a5901ce\" data-parent=\"#accordion-69e0dfd75f786\">\n\n                        <div class=\"elementskit-card-body ekit-accordion--content\">\n                            <p>Comme notre plateforme r\u00e9unit un grand nombre de fabricants, nous achetons nos mati\u00e8res premi\u00e8res en vrac \u00e0 un prix plus avantageux, ce qui nous permet de vous proposer des produits lyophilis\u00e9s \u00e0 un prix plus abordable et avec des co\u00fbts moins \u00e9lev\u00e9s.<\/p>                        <\/div>\n\n                    <\/div>\n\n                <\/div><!-- .elementskit-card END -->\n\n                \n                <div class=\"elementskit-card \">\n                    <div class=\"elementskit-card-header\" id=\"primaryHeading-4-5a5901ce\">\n                        <a href=\"#collapse-60d4f4869e0dfd75f786\" class=\"ekit-accordion--toggler elementskit-btn-link collapsed\" data-ekit-toggle=\"collapse\" data-target=\"#Collapse-60d4f4869e0dfd75f786\" aria-expanded=\"false\" aria-controls=\"Collapse-60d4f4869e0dfd75f786\">\n                            \n                                <span class=\"number\"><\/span>\n\n                            \n                            <span class=\"ekit-accordion-title\">Offrez-vous la m\u00eame qualit\u00e9 \u00e0 chaque fois que je commande ?<\/span>\n\n                            \n                                <div class=\"ekit_accordion_icon_group\">\n                                    <div class=\"ekit_accordion_normal_icon\">\n                                        <!-- Normal Icon -->\n\t\t\t\t\t\t\t\t\t\t                                    <\/div>\n\n                                    <div class=\"ekit_accordion_active_icon\">\n                                        <!-- Active Icon -->\n\t\t\t\t\t\t\t\t\t\t                                    <\/div>\n                                <\/div>\n\n                            \n                                                    <\/a>\n                    <\/div>\n\n                    <div id=\"Collapse-60d4f4869e0dfd75f786\" class=\" collapse\" aria-labelledby=\"primaryHeading-4-5a5901ce\" data-parent=\"#accordion-69e0dfd75f786\">\n\n                        <div class=\"elementskit-card-body ekit-accordion--content\">\n                            <p>Oui, car nos producteurs ach\u00e8tent les produits dans des lieux communs. Lorsque les produits sont re\u00e7us, nous les contr\u00f4lons, puis nous les transformons. Nous continuons \u00e0 assurer un suivi tout au long du processus de production. Une fois les produits lyophilis\u00e9s, ils sont soumis une derni\u00e8re fois \u00e0 des tests de contr\u00f4le de la qualit\u00e9 et, si tous les produits sont de la plus haute qualit\u00e9, ils sont mis en vente. De cette mani\u00e8re, nous apportons \u00e0 chaque fois la meilleure qualit\u00e9 aux acheteurs.<\/p>                        <\/div>\n\n                    <\/div>\n\n                <\/div><!-- .elementskit-card END -->\n\n                \n                <div class=\"elementskit-card \">\n                    <div class=\"elementskit-card-header\" id=\"primaryHeading-5-5a5901ce\">\n                        <a href=\"#collapse-260eebe69e0dfd75f786\" class=\"ekit-accordion--toggler elementskit-btn-link collapsed\" data-ekit-toggle=\"collapse\" data-target=\"#Collapse-260eebe69e0dfd75f786\" aria-expanded=\"false\" aria-controls=\"Collapse-260eebe69e0dfd75f786\">\n                            \n                                <span class=\"number\"><\/span>\n\n                            \n                            <span class=\"ekit-accordion-title\">Travaillez-vous en B2C ou en B2B ?<\/span>\n\n                            \n                                <div class=\"ekit_accordion_icon_group\">\n                                    <div class=\"ekit_accordion_normal_icon\">\n                                        <!-- Normal Icon -->\n\t\t\t\t\t\t\t\t\t\t                                    <\/div>\n\n                                    <div class=\"ekit_accordion_active_icon\">\n                                        <!-- Active Icon -->\n\t\t\t\t\t\t\t\t\t\t                                    <\/div>\n                                <\/div>\n\n                            \n                                                    <\/a>\n                    <\/div>\n\n                    <div id=\"Collapse-260eebe69e0dfd75f786\" class=\" collapse\" aria-labelledby=\"primaryHeading-5-5a5901ce\" data-parent=\"#accordion-69e0dfd75f786\">\n\n                        <div class=\"elementskit-card-body ekit-accordion--content\">\n                            <p>Comme il y a de nombreux fabricants sur notre plateforme, nous r\u00e9alisons des ventes B2B, ce qui nous permet de poursuivre la production sans interruption. Puisque nous offrons nos produits en gros, vous pouvez obtenir nos produits au prix le plus abordable. Si vous voulez les produits comme vous le souhaitez, nous pouvons les emballer en petite, moyenne ou grande taille avec l'emballage de votre marque. Si vous le souhaitez, vous pouvez vendre ces produits en B2C pour d\u00e9velopper votre marque et faire des b\u00e9n\u00e9fices.<\/p>                        <\/div>\n\n                    <\/div>\n\n                <\/div><!-- .elementskit-card END -->\n\n                                        <\/div>\n    <\/div>\t\t\t\t<\/div>\n\t\t\t\t<\/div>\n\t\t\t\t<\/div>\n\t\t\t\t<\/div>\n\t\t","protected":false},"excerpt":{"rendered":"<p>Questions Fr\u00e9quemment Pos\u00e9es Qu&#039;est-ce qu&#039;une plate-forme ? FDG est une plateforme. C&#8217;est un syst\u00e8me qui r\u00e9unit les agriculteurs, les propri\u00e9taires de machines de lyophilisation et les acheteurs. En tant que FDG, notre t\u00e2che est de fournir les liens entre eux, afin que chacun puisse se concentrer sur sa propre activit\u00e9 et ne pas avoir \u00e0 se pr\u00e9occuper d&#8217;autres questions. Pourquoi devrais-je travailler avec vous en tant qu&#039;agriculteur ? Si vous coop\u00e9rez avec nous, vous aurez la possibilit\u00e9 de vendre vos produits en gros. Vous disposerez ainsi d&#8217;un mod\u00e8le commercial B2B et pourrez vendre une grande quantit\u00e9 de produits en peu de temps. Le contr\u00f4le de la qualit\u00e9 des produits sera effectu\u00e9 par nous et, en cas de situation n\u00e9gative, nous pourrons vous contacter et vous informer de la n\u00e9cessit\u00e9 d&#8217;am\u00e9liorer vos produits. Pourquoi devrais-je travailler avec vous en tant que propri\u00e9taire d&#039;une machine lyophilis\u00e9e ? Si vous coop\u00e9rez avec nous, vous aurez la possibilit\u00e9 d&#8217;acheter votre mati\u00e8re premi\u00e8re, les fruits et l\u00e9gumes, moins cher. Comme notre plateforme fournit des produits \u00e0 de nombreux propri\u00e9taires de machines, dont vous faites partie, elle ach\u00e8te en gros et c&#8217;est donc beaucoup plus logique que d&#8217;acheter seul. En outre, nous pouvons vous fournir toutes sortes d&#8217;assistance technique au cours du processus de production gr\u00e2ce \u00e0 notre \u00e9quipe exp\u00e9riment\u00e9e. Nous vous aidons \u00e0 \u00e9largir votre gamme de produits et \u00e0 produire plus efficacement. Tous les tests des produits que vous ach\u00e8terez et vendrez seront effectu\u00e9s par nos soins, ce qui vous \u00e9vitera tout doute. Enfin, si vous participez \u00e0 notre plateforme, vous n&#8217;aurez pas \u00e0 vous soucier de la vente de vos produits. Notre plateforme vous permet de r\u00e9aliser des ventes de gros volumes en vous regroupant avec de nombreux propri\u00e9taires de machines lyophilis\u00e9es comme vous, vous pouvez donc r\u00e9aliser des ventes que vous ne pouvez pas faire seul gr\u00e2ce \u00e0 notre plateforme. Pourquoi devrais-je m&#039;adresser \u00e0 vous en tant qu&#039;acheteur ? Comme notre plateforme r\u00e9unit un grand nombre de fabricants, nous achetons nos mati\u00e8res premi\u00e8res en vrac \u00e0 un prix plus avantageux, ce qui nous permet de vous proposer des produits lyophilis\u00e9s \u00e0 un prix plus abordable et avec des co\u00fbts moins \u00e9lev\u00e9s. Offrez-vous la m\u00eame qualit\u00e9 \u00e0 chaque fois que je commande ? Oui, car nos producteurs ach\u00e8tent les produits dans des lieux communs. Lorsque les produits sont re\u00e7us, nous les contr\u00f4lons, puis nous les transformons. Nous continuons \u00e0 assurer un suivi tout au long du processus de production. Une fois les produits lyophilis\u00e9s, ils sont soumis une derni\u00e8re fois \u00e0 des tests de contr\u00f4le de la qualit\u00e9 et, si tous les produits sont de la plus haute qualit\u00e9, ils sont mis en vente. De cette mani\u00e8re, nous apportons \u00e0 chaque fois la meilleure qualit\u00e9 aux acheteurs. Travaillez-vous en B2C ou en B2B ? Comme il y a de nombreux fabricants sur notre plateforme, nous r\u00e9alisons des ventes B2B, ce qui nous permet de poursuivre la production sans interruption. Puisque nous offrons nos produits en gros, vous pouvez obtenir nos produits au prix le plus abordable. Si vous voulez les produits comme vous le souhaitez, nous pouvons les emballer en petite, moyenne ou grande taille avec l&#8217;emballage de votre marque. Si vous le souhaitez, vous pouvez vendre ces produits en B2C pour d\u00e9velopper votre marque et faire des b\u00e9n\u00e9fices.<\/p>\n","protected":false},"author":1,"featured_media":0,"parent":0,"menu_order":0,"comment_status":"closed","ping_status":"closed","template":"","meta":{"footnotes":""},"class_list":["post-4065","page","type-page","status-publish","hentry"],"_links":{"self":[{"href":"https:\/\/freezedryglobal.com\/index.php\/wp-json\/wp\/v2\/pages\/4065","targetHints":{"allow":["GET"]}}],"collection":[{"href":"https:\/\/freezedryglobal.com\/index.php\/wp-json\/wp\/v2\/pages"}],"about":[{"href":"https:\/\/freezedryglobal.com\/index.php\/wp-json\/wp\/v2\/types\/page"}],"author":[{"embeddable":true,"href":"https:\/\/freezedryglobal.com\/index.php\/wp-json\/wp\/v2\/users\/1"}],"replies":[{"embeddable":true,"href":"https:\/\/freezedryglobal.com\/index.php\/wp-json\/wp\/v2\/comments?post=4065"}],"version-history":[{"count":10,"href":"https:\/\/freezedryglobal.com\/index.php\/wp-json\/wp\/v2\/pages\/4065\/revisions"}],"predecessor-version":[{"id":4101,"href":"https:\/\/freezedryglobal.com\/index.php\/wp-json\/wp\/v2\/pages\/4065\/revisions\/4101"}],"wp:attachment":[{"href":"https:\/\/freezedryglobal.com\/index.php\/wp-json\/wp\/v2\/media?parent=4065"}],"curies":[{"name":"wp","href":"https:\/\/api.w.org\/{rel}","templated":true}]}}