{"id":3756,"date":"2025-02-28T15:17:46","date_gmt":"2025-02-28T12:17:46","guid":{"rendered":"https:\/\/freezedryglobal.com\/?page_id=3756"},"modified":"2025-12-03T15:06:41","modified_gmt":"2025-12-03T12:06:41","slug":"elementor-3756","status":"publish","type":"page","link":"https:\/\/freezedryglobal.com\/index.php\/es\/elementor-3756\/","title":{"rendered":"Mariscos"},"content":{"rendered":"\t\t<div data-elementor-type=\"wp-page\" data-elementor-id=\"3756\" class=\"elementor elementor-3756\" data-elementor-settings=\"{&quot;ha_cmc_init_switcher&quot;:&quot;no&quot;}\">\n\t\t\t\t\t\t<section class=\"elementor-section elementor-top-section elementor-element elementor-element-31091b1 elementor-section-boxed elementor-section-height-default elementor-section-height-default wpr-particle-no wpr-jarallax-no wpr-parallax-no wpr-sticky-section-no wpr-equal-height-no\" data-id=\"31091b1\" data-element_type=\"section\" data-e-type=\"section\" data-settings=\"{&quot;background_background&quot;:&quot;classic&quot;,&quot;_ha_eqh_enable&quot;:false}\">\n\t\t\t\t\t\t<div class=\"elementor-container elementor-column-gap-default\">\n\t\t\t\t\t<div class=\"elementor-column elementor-col-100 elementor-top-column elementor-element elementor-element-c4cbb1f\" data-id=\"c4cbb1f\" data-element_type=\"column\" data-e-type=\"column\" data-settings=\"{&quot;background_background&quot;:&quot;classic&quot;}\">\n\t\t\t<div class=\"elementor-widget-wrap elementor-element-populated\">\n\t\t\t\t\t\t<section class=\"elementor-section elementor-inner-section elementor-element elementor-element-fae9b61 elementor-section-boxed elementor-section-height-default elementor-section-height-default wpr-particle-no wpr-jarallax-no wpr-parallax-no wpr-sticky-section-no wpr-equal-height-no\" data-id=\"fae9b61\" data-element_type=\"section\" data-e-type=\"section\" data-settings=\"{&quot;_ha_eqh_enable&quot;:false}\">\n\t\t\t\t\t\t<div class=\"elementor-container elementor-column-gap-default\">\n\t\t\t\t\t<div class=\"elementor-column elementor-col-100 elementor-inner-column elementor-element elementor-element-e13615b\" data-id=\"e13615b\" data-element_type=\"column\" data-e-type=\"column\">\n\t\t\t<div class=\"elementor-widget-wrap elementor-element-populated\">\n\t\t\t\t\t\t<div class=\"elementor-element elementor-element-29899a6 elementor-widget elementor-widget-hfe-breadcrumbs-widget\" data-id=\"29899a6\" data-element_type=\"widget\" data-e-type=\"widget\" data-widget_type=\"hfe-breadcrumbs-widget.default\">\n\t\t\t\t<div class=\"elementor-widget-container\">\n\t\t\t\t\t<nav aria-label=\"Breadcrumb\"><ul class=\"hfe-breadcrumbs hfe-breadcrumbs-show-home\"><li class=\"hfe-breadcrumbs-item hfe-breadcrumbs-first\"><span class=\"hfe-breadcrumbs-home-icon\"><\/span><a href=\"https:\/\/freezedryglobal.com\"><span class=\"hfe-breadcrumbs-text\">Inicio<\/span><\/a><\/li><\/ul><\/nav>\t\t\t\t<\/div>\n\t\t\t\t<\/div>\n\t\t\t\t<div class=\"elementor-element elementor-element-fcde826 elementor-widget__width-initial elementor-widget elementor-widget-elementskit-heading\" data-id=\"fcde826\" data-element_type=\"widget\" data-e-type=\"widget\" data-widget_type=\"elementskit-heading.default\">\n\t\t\t\t<div class=\"elementor-widget-container\">\n\t\t\t\t\t<div class=\"ekit-wid-con\" ><div class=\"ekit-heading elementskit-section-title-wraper text_left   ekit_heading_tablet-   ekit_heading_mobile-text_left\"><h2 class=\"ekit-heading--title elementskit-section-title \">MAR\u0130SCOS<\/h2>\t\t\t\t<div class='ekit-heading__description'>\n\t\t\t\t\t<p>El marisco liofilizado ofrece el sabor fresco del oc\u00e9ano y dura mucho tiempo. Ideal para chowders, pasta o sushi, recupera r\u00e1pidamente su sabor y tacto naturales, aportando esencia oce\u00e1nica a sus comidas en cualquier momento.<\/p>\n\t\t\t\t<\/div>\n\t\t\t<\/div><\/div>\t\t\t\t<\/div>\n\t\t\t\t<\/div>\n\t\t\t\t\t<\/div>\n\t\t<\/div>\n\t\t\t\t\t<\/div>\n\t\t<\/section>\n\t\t\t\t\t<\/div>\n\t\t<\/div>\n\t\t\t\t\t<\/div>\n\t\t<\/section>\n\t\t<div class=\"elementor-element elementor-element-dbe8020 e-flex e-con-boxed wpr-particle-no wpr-jarallax-no wpr-parallax-no wpr-sticky-section-no wpr-equal-height-no e-con e-parent\" data-id=\"dbe8020\" data-element_type=\"container\" data-e-type=\"container\" data-settings=\"{&quot;_ha_eqh_enable&quot;:false}\">\n\t\t\t\t\t<div class=\"e-con-inner\">\n\t\t<div class=\"elementor-element elementor-element-01666f7 e-con-full e-flex wpr-particle-no wpr-jarallax-no wpr-parallax-no wpr-sticky-section-no wpr-equal-height-no e-con e-child\" data-id=\"01666f7\" data-element_type=\"container\" data-e-type=\"container\" data-settings=\"{&quot;_ha_eqh_enable&quot;:false}\">\n\t\t\t\t<div class=\"elementor-element elementor-element-2bd95b0 elementor-widget elementor-widget-heading\" data-id=\"2bd95b0\" data-element_type=\"widget\" data-e-type=\"widget\" data-widget_type=\"heading.default\">\n\t\t\t\t<div class=\"elementor-widget-container\">\n\t\t\t\t\t<h2 class=\"elementor-heading-title elementor-size-default\">Productos del mar liofilizados<\/h2>\t\t\t\t<\/div>\n\t\t\t\t<\/div>\n\t\t\t\t<div class=\"elementor-element elementor-element-e06edd6 elementor-widget elementor-widget-text-editor\" data-id=\"e06edd6\" data-element_type=\"widget\" data-e-type=\"widget\" data-widget_type=\"text-editor.default\">\n\t\t\t\t<div class=\"elementor-widget-container\">\n\t\t\t\t\t\t\t\t\t<p>Nuestra liofilizaci\u00f3n mantiene el delicado sabor, la textura y la nutrici\u00f3n del marisco. Es una opci\u00f3n c\u00f3moda y de m\u00e1xima calidad en comparaci\u00f3n con las opciones frescas. Disponible en filetes, trozos o polvo, nuestro marisco recupera su sabor y aspecto originales con facilidad. Perfecto para sopas, guisos y platos de fantas\u00eda, est\u00e1 dise\u00f1ado para aportar el aut\u00e9ntico sabor del mar a sus recetas.<\/p>\t\t\t\t\t\t\t\t<\/div>\n\t\t\t\t<\/div>\n\t\t\t\t<\/div>\n\t\t<div class=\"elementor-element elementor-element-74c83ab e-con-full e-flex wpr-particle-no wpr-jarallax-no wpr-parallax-no wpr-sticky-section-no wpr-equal-height-no e-con e-child\" data-id=\"74c83ab\" data-element_type=\"container\" data-e-type=\"container\" data-settings=\"{&quot;_ha_eqh_enable&quot;:false}\">\n\t\t\t\t<div class=\"elementor-element elementor-element-7da455c elementor-widget elementor-widget-image\" data-id=\"7da455c\" data-element_type=\"widget\" data-e-type=\"widget\" data-widget_type=\"image.default\">\n\t\t\t\t<div class=\"elementor-widget-container\">\n\t\t\t\t\t\t\t\t\t\t\t\t\t\t\t<img fetchpriority=\"high\" decoding=\"async\" width=\"800\" height=\"634\" src=\"https:\/\/freezedryglobal.com\/wp-content\/uploads\/2025\/01\/shutterstock_993025-1-1024x812.jpg\" class=\"attachment-large size-large wp-image-2187\" alt=\"\" srcset=\"https:\/\/freezedryglobal.com\/wp-content\/uploads\/2025\/01\/shutterstock_993025-1-1024x812.jpg 1024w, https:\/\/freezedryglobal.com\/wp-content\/uploads\/2025\/01\/shutterstock_993025-1-300x238.jpg 300w, https:\/\/freezedryglobal.com\/wp-content\/uploads\/2025\/01\/shutterstock_993025-1-768x609.jpg 768w, https:\/\/freezedryglobal.com\/wp-content\/uploads\/2025\/01\/shutterstock_993025-1-1536x1217.jpg 1536w, https:\/\/freezedryglobal.com\/wp-content\/uploads\/2025\/01\/shutterstock_993025-1.jpg 1957w\" sizes=\"(max-width: 800px) 100vw, 800px\" \/>\t\t\t\t\t\t\t\t\t\t\t\t\t\t\t<\/div>\n\t\t\t\t<\/div>\n\t\t\t\t<\/div>\n\t\t\t\t\t<\/div>\n\t\t\t\t<\/div>\n\t\t<div class=\"elementor-element elementor-element-c1d7c5c e-flex e-con-boxed wpr-particle-no wpr-jarallax-no wpr-parallax-no wpr-sticky-section-no wpr-equal-height-no e-con e-parent\" data-id=\"c1d7c5c\" data-element_type=\"container\" data-e-type=\"container\" data-settings=\"{&quot;_ha_eqh_enable&quot;:false}\">\n\t\t\t\t\t<div class=\"e-con-inner\">\n\t\t\t\t<div class=\"elementor-element elementor-element-e575e34 premium-header-inline premium-lq__none premium-box-lq__none elementor-widget elementor-widget-premium-addon-dual-header\" data-id=\"e575e34\" data-element_type=\"widget\" data-e-type=\"widget\" data-widget_type=\"premium-addon-dual-header.default\">\n\t\t\t\t\t\n\t\t<div class=\"elementor-widget-container\">\n\t\t\t\t\t<h2 class=\"premium-dual-header-first-header \"><span class=\"premium-dual-header-first-span\">Nuestros <\/span><span class=\"premium-dual-header-second-header \">Productos Del Mar<\/span><\/h2> \t\t\t\t<\/div>\n\n\t\t\t\t\t\t<\/div>\n\t\t\t\t\t<\/div>\n\t\t\t\t<\/div>\n\t\t<div class=\"elementor-element elementor-element-6855430 e-flex e-con-boxed wpr-particle-no wpr-jarallax-no wpr-parallax-no wpr-sticky-section-no wpr-equal-height-no e-con e-parent\" data-id=\"6855430\" data-element_type=\"container\" data-e-type=\"container\" data-settings=\"{&quot;_ha_eqh_enable&quot;:false}\">\n\t\t\t\t\t<div class=\"e-con-inner\">\n\t\t<div class=\"elementor-element elementor-element-d3765f3 e-con-full e-flex wpr-particle-no wpr-jarallax-no wpr-parallax-no wpr-sticky-section-no wpr-equal-height-no e-con e-child\" data-id=\"d3765f3\" data-element_type=\"container\" data-e-type=\"container\" data-settings=\"{&quot;_ha_eqh_enable&quot;:false}\">\n\t\t\t\t<div class=\"elementor-element elementor-element-c2f67a3 elementor-widget elementor-widget-ha-image-hover-effect happy-addon ha-image-hover-effect\" data-id=\"c2f67a3\" data-element_type=\"widget\" data-e-type=\"widget\" data-widget_type=\"ha-image-hover-effect.default\">\n\t\t\t\t<div class=\"elementor-widget-container\">\n\t\t\t\t\t\t\t<div class=\"ha-ihe-wrapper grid\">\n\t\t\t<figure class=\"ha-ihe-fig ha-effect-bubba\">\n\t\t\t\t<img decoding=\"async\" class=\"ha-ihe-img\" src=\"https:\/\/freezedryglobal.com\/wp-content\/uploads\/2025\/01\/somon.webp\" alt=\"\" \/>\n\t\t\t\t<figcaption class=\"ha-ihe-caption\">\n\t\t\t\t\t\t\t\t\t\t\t<h2 class=\"ha-ihe-title\">SOM\u00d3N<\/h2>\t\t\t\t\t\t\t\t\t\t\t\t\t<p class=\"ha-ihe-desc\"><\/p>\n\t\t\t\t\t\t\t\t\t\t\t\t\t\t\t\t\t\t\t\t\t<\/figcaption>\n\t\t\t<\/figure>\n\t\t<\/div>\n\t\t\t\t<\/div>\n\t\t\t\t<\/div>\n\t\t\t\t<\/div>\n\t\t<div class=\"elementor-element elementor-element-fbbf590 e-con-full e-flex wpr-particle-no wpr-jarallax-no wpr-parallax-no wpr-sticky-section-no wpr-equal-height-no e-con e-child\" data-id=\"fbbf590\" data-element_type=\"container\" data-e-type=\"container\" data-settings=\"{&quot;_ha_eqh_enable&quot;:false}\">\n\t\t\t\t<div class=\"elementor-element elementor-element-65a2b21 elementor-widget elementor-widget-ha-image-hover-effect happy-addon ha-image-hover-effect\" data-id=\"65a2b21\" data-element_type=\"widget\" data-e-type=\"widget\" data-widget_type=\"ha-image-hover-effect.default\">\n\t\t\t\t<div class=\"elementor-widget-container\">\n\t\t\t\t\t\t\t<div class=\"ha-ihe-wrapper grid\">\n\t\t\t<figure class=\"ha-ihe-fig ha-effect-bubba\">\n\t\t\t\t<img decoding=\"async\" class=\"ha-ihe-img\" src=\"https:\/\/freezedryglobal.com\/wp-content\/uploads\/2025\/01\/tuna.webp\" alt=\"\" \/>\n\t\t\t\t<figcaption class=\"ha-ihe-caption\">\n\t\t\t\t\t\t\t\t\t\t\t<h2 class=\"ha-ihe-title\">AT\u00daN<\/h2>\t\t\t\t\t\t\t\t\t\t\t\t\t<p class=\"ha-ihe-desc\"><\/p>\n\t\t\t\t\t\t\t\t\t\t\t\t\t\t\t\t\t\t\t\t\t<\/figcaption>\n\t\t\t<\/figure>\n\t\t<\/div>\n\t\t\t\t<\/div>\n\t\t\t\t<\/div>\n\t\t\t\t<\/div>\n\t\t<div class=\"elementor-element elementor-element-cc337ab e-con-full e-flex wpr-particle-no wpr-jarallax-no wpr-parallax-no wpr-sticky-section-no wpr-equal-height-no e-con e-child\" data-id=\"cc337ab\" data-element_type=\"container\" data-e-type=\"container\" data-settings=\"{&quot;_ha_eqh_enable&quot;:false}\">\n\t\t\t\t<div class=\"elementor-element elementor-element-993d1e8 elementor-widget elementor-widget-ha-image-hover-effect happy-addon ha-image-hover-effect\" data-id=\"993d1e8\" data-element_type=\"widget\" data-e-type=\"widget\" data-widget_type=\"ha-image-hover-effect.default\">\n\t\t\t\t<div class=\"elementor-widget-container\">\n\t\t\t\t\t\t\t<div class=\"ha-ihe-wrapper grid\">\n\t\t\t<figure class=\"ha-ihe-fig ha-effect-bubba\">\n\t\t\t\t<img decoding=\"async\" class=\"ha-ihe-img\" src=\"https:\/\/freezedryglobal.com\/wp-content\/uploads\/2025\/01\/crab.webp\" alt=\"\" \/>\n\t\t\t\t<figcaption class=\"ha-ihe-caption\">\n\t\t\t\t\t\t\t\t\t\t\t<h2 class=\"ha-ihe-title\">CRAB<\/h2>\t\t\t\t\t\t\t\t\t\t\t\t\t<p class=\"ha-ihe-desc\"><\/p>\n\t\t\t\t\t\t\t\t\t\t\t\t\t\t\t\t\t\t\t\t\t<\/figcaption>\n\t\t\t<\/figure>\n\t\t<\/div>\n\t\t\t\t<\/div>\n\t\t\t\t<\/div>\n\t\t\t\t<\/div>\n\t\t<div class=\"elementor-element elementor-element-e480ed9 e-con-full e-flex wpr-particle-no wpr-jarallax-no wpr-parallax-no wpr-sticky-section-no wpr-equal-height-no e-con e-child\" data-id=\"e480ed9\" data-element_type=\"container\" data-e-type=\"container\" data-settings=\"{&quot;_ha_eqh_enable&quot;:false}\">\n\t\t\t\t<div class=\"elementor-element elementor-element-5935f29 elementor-widget elementor-widget-ha-image-hover-effect happy-addon ha-image-hover-effect\" data-id=\"5935f29\" data-element_type=\"widget\" data-e-type=\"widget\" data-widget_type=\"ha-image-hover-effect.default\">\n\t\t\t\t<div class=\"elementor-widget-container\">\n\t\t\t\t\t\t\t<div class=\"ha-ihe-wrapper grid\">\n\t\t\t<figure class=\"ha-ihe-fig ha-effect-bubba\">\n\t\t\t\t<img decoding=\"async\" class=\"ha-ihe-img\" src=\"https:\/\/freezedryglobal.com\/wp-content\/uploads\/2025\/01\/shrimp.webp\" alt=\"\" \/>\n\t\t\t\t<figcaption class=\"ha-ihe-caption\">\n\t\t\t\t\t\t\t\t\t\t\t<h2 class=\"ha-ihe-title\">CAMAR\u00d3N<\/h2>\t\t\t\t\t\t\t\t\t\t\t\t\t<p class=\"ha-ihe-desc\"><\/p>\n\t\t\t\t\t\t\t\t\t\t\t\t\t\t\t\t\t\t\t\t\t<\/figcaption>\n\t\t\t<\/figure>\n\t\t<\/div>\n\t\t\t\t<\/div>\n\t\t\t\t<\/div>\n\t\t\t\t<\/div>\n\t\t<div class=\"elementor-element elementor-element-58bfc64 e-con-full e-flex wpr-particle-no wpr-jarallax-no wpr-parallax-no wpr-sticky-section-no wpr-equal-height-no e-con e-child\" data-id=\"58bfc64\" data-element_type=\"container\" data-e-type=\"container\" data-settings=\"{&quot;_ha_eqh_enable&quot;:false}\">\n\t\t\t\t<div class=\"elementor-element elementor-element-34b2e46 elementor-widget elementor-widget-ha-image-hover-effect happy-addon ha-image-hover-effect\" data-id=\"34b2e46\" data-element_type=\"widget\" data-e-type=\"widget\" data-widget_type=\"ha-image-hover-effect.default\">\n\t\t\t\t<div class=\"elementor-widget-container\">\n\t\t\t\t\t\t\t<div class=\"ha-ihe-wrapper grid\">\n\t\t\t<figure class=\"ha-ihe-fig ha-effect-bubba\">\n\t\t\t\t<img decoding=\"async\" class=\"ha-ihe-img\" src=\"https:\/\/freezedryglobal.com\/wp-content\/uploads\/2025\/01\/oyster.webp\" alt=\"\" \/>\n\t\t\t\t<figcaption class=\"ha-ihe-caption\">\n\t\t\t\t\t\t\t\t\t\t\t<h2 class=\"ha-ihe-title\">OYSTER<\/h2>\t\t\t\t\t\t\t\t\t\t\t\t\t<p class=\"ha-ihe-desc\"><\/p>\n\t\t\t\t\t\t\t\t\t\t\t\t\t\t\t\t\t\t\t\t\t<\/figcaption>\n\t\t\t<\/figure>\n\t\t<\/div>\n\t\t\t\t<\/div>\n\t\t\t\t<\/div>\n\t\t\t\t<\/div>\n\t\t\t\t\t<\/div>\n\t\t\t\t<\/div>\n\t\t\t\t<\/div>\n\t\t","protected":false},"excerpt":{"rendered":"<p>Inicio MAR\u0130SCOS El marisco liofilizado ofrece el sabor fresco del oc\u00e9ano y dura mucho tiempo. Ideal para chowders, pasta o sushi, recupera r\u00e1pidamente su sabor y tacto naturales, aportando esencia oce\u00e1nica a sus comidas en cualquier momento. Productos del mar liofilizados Nuestra liofilizaci\u00f3n mantiene el delicado sabor, la textura y la nutrici\u00f3n del marisco. Es una opci\u00f3n c\u00f3moda y de m\u00e1xima calidad en comparaci\u00f3n con las opciones frescas. Disponible en filetes, trozos o polvo, nuestro marisco recupera su sabor y aspecto originales con facilidad. Perfecto para sopas, guisos y platos de fantas\u00eda, est\u00e1 dise\u00f1ado para aportar el aut\u00e9ntico sabor del mar a sus recetas. Nuestros Productos Del Mar SOM\u00d3N AT\u00daN CRAB CAMAR\u00d3N OYSTER<\/p>\n","protected":false},"author":1,"featured_media":0,"parent":0,"menu_order":0,"comment_status":"closed","ping_status":"closed","template":"","meta":{"footnotes":""},"class_list":["post-3756","page","type-page","status-publish","hentry"],"_links":{"self":[{"href":"https:\/\/freezedryglobal.com\/index.php\/wp-json\/wp\/v2\/pages\/3756","targetHints":{"allow":["GET"]}}],"collection":[{"href":"https:\/\/freezedryglobal.com\/index.php\/wp-json\/wp\/v2\/pages"}],"about":[{"href":"https:\/\/freezedryglobal.com\/index.php\/wp-json\/wp\/v2\/types\/page"}],"author":[{"embeddable":true,"href":"https:\/\/freezedryglobal.com\/index.php\/wp-json\/wp\/v2\/users\/1"}],"replies":[{"embeddable":true,"href":"https:\/\/freezedryglobal.com\/index.php\/wp-json\/wp\/v2\/comments?post=3756"}],"version-history":[{"count":13,"href":"https:\/\/freezedryglobal.com\/index.php\/wp-json\/wp\/v2\/pages\/3756\/revisions"}],"predecessor-version":[{"id":5649,"href":"https:\/\/freezedryglobal.com\/index.php\/wp-json\/wp\/v2\/pages\/3756\/revisions\/5649"}],"wp:attachment":[{"href":"https:\/\/freezedryglobal.com\/index.php\/wp-json\/wp\/v2\/media?parent=3756"}],"curies":[{"name":"wp","href":"https:\/\/api.w.org\/{rel}","templated":true}]}}