{"id":3427,"date":"2025-02-25T19:17:40","date_gmt":"2025-02-25T16:17:40","guid":{"rendered":"https:\/\/freezedryglobal.com\/?page_id=3427"},"modified":"2025-03-10T17:55:42","modified_gmt":"2025-03-10T14:55:42","slug":"iade-ve-geri-odeme-politikasi","status":"publish","type":"page","link":"https:\/\/freezedryglobal.com\/index.php\/tr\/iade-ve-geri-odeme-politikasi\/","title":{"rendered":"\u0130ade ve Geri \u00d6deme Politikas\u0131"},"content":{"rendered":"\t\t<div data-elementor-type=\"wp-page\" data-elementor-id=\"3427\" class=\"elementor elementor-3427\" data-elementor-settings=\"{&quot;ha_cmc_init_switcher&quot;:&quot;no&quot;}\">\n\t\t\t\t<div class=\"elementor-element elementor-element-3bbb5a8 e-flex e-con-boxed wpr-particle-no wpr-jarallax-no wpr-parallax-no wpr-sticky-section-no wpr-equal-height-no e-con e-parent\" data-id=\"3bbb5a8\" data-element_type=\"container\" data-e-type=\"container\" data-settings=\"{&quot;_ha_eqh_enable&quot;:false}\">\n\t\t\t\t\t<div class=\"e-con-inner\">\n\t\t\t\t<div class=\"elementor-element elementor-element-2ed7672 elementor-widget elementor-widget-heading\" data-id=\"2ed7672\" data-element_type=\"widget\" data-e-type=\"widget\" data-widget_type=\"heading.default\">\n\t\t\t\t<div class=\"elementor-widget-container\">\n\t\t\t\t\t<h2 class=\"elementor-heading-title elementor-size-default\">FREEZE DRY GLOBAL GIDA TEKNOLOJ\u0130LER\u0130 ANON\u0130M \u015e\u0130RKET\u0130 <br> CAYMA \u2013 \u0130PTAL- \u0130ADE POL\u0130T\u0130KASI\n<\/h2>\t\t\t\t<\/div>\n\t\t\t\t<\/div>\n\t\t\t\t\t<\/div>\n\t\t\t\t<\/div>\n\t\t<div class=\"elementor-element elementor-element-1e4d1056 e-con-full e-flex wpr-particle-no wpr-jarallax-no wpr-parallax-no wpr-sticky-section-no wpr-equal-height-no e-con e-parent\" data-id=\"1e4d1056\" data-element_type=\"container\" data-e-type=\"container\" data-settings=\"{&quot;_ha_eqh_enable&quot;:false}\">\n\t\t\t\t<div class=\"elementor-element elementor-element-6a358e80 elementor-widget elementor-widget-text-editor\" data-id=\"6a358e80\" data-element_type=\"widget\" data-e-type=\"widget\" data-widget_type=\"text-editor.default\">\n\t\t\t\t<div class=\"elementor-widget-container\">\n\t\t\t\t\t\t\t\t\t<p>\u0130nternet Sitemizi kulland\u0131\u011f\u0131n\u0131z i\u00e7in te\u015fekk\u00fcr ederiz.<\/p><p>Kullanmakta oldu\u011funuz web sitesi \u00fczerinden elektronik ortamda sipari\u015f verdi\u011finiz takdirde, size sunulan \u00f6n bilgilendirme formunu ve mesafeli sat\u0131\u015f s\u00f6zle\u015fmesini kabul etmi\u015f say\u0131l\u0131rs\u0131n\u0131z. Al\u0131c\u0131lar, sat\u0131n ald\u0131klar\u0131 \u00fcr\u00fcn\u00fcn sat\u0131\u015f ve teslimi ile ilgili olarak 6502 say\u0131l\u0131 T\u00fcketicinin Korunmas\u0131 Hakk\u0131nda Kanun ve Mesafeli S\u00f6zle\u015fmeler Y\u00f6netmeli\u011fi (RG:27.11.2014\/29188) h\u00fck\u00fcmleri ile y\u00fcr\u00fcrl\u00fckteki di\u011fer yasalara tabidir.<\/p><p>\u00dcr\u00fcn sevkiyat masraf\u0131 olan kargo \u00fccretleri al\u0131c\u0131lar taraf\u0131ndan \u00f6denecektir.<\/p><p>Sat\u0131n al\u0131nan her bir \u00fcr\u00fcn, 30 g\u00fcnl\u00fck yasal s\u00fcreyi a\u015fmamak kayd\u0131 ile al\u0131c\u0131n\u0131n g\u00f6sterdi\u011fi adresteki ki\u015fi ve\/veya kurulu\u015fa teslim edilir. Bu s\u00fcre i\u00e7inde \u00fcr\u00fcn teslim edilmez ise, Al\u0131c\u0131lar s\u00f6zle\u015fmeyi sona erdirebilir.<\/p><p>Sat\u0131n al\u0131nan \u00fcr\u00fcn, eksiksiz ve sipari\u015fte belirtilen niteliklere uygun teslim edilmek zorundad\u0131r.<\/p><p>Sat\u0131n al\u0131nan \u00fcr\u00fcn\u00fcn sat\u0131lmas\u0131n\u0131n imkans\u0131zla\u015fmas\u0131 durumunda, FDG bu durumu \u00f6\u011frendi\u011finden itibaren 3 g\u00fcn i\u00e7inde al\u0131c\u0131ya bildirmek zorundad\u0131r. 14 g\u00fcn i\u00e7inde de toplam bedel al\u0131c\u0131ya iade edilmek zorundad\u0131r.<\/p><p><strong>SATIN ALINAN \u00dcR\u00dcN BEDEL\u0130 \u00d6DENMEZ \u0130SE:<\/strong><\/p><p>Al\u0131c\u0131, sat\u0131n ald\u0131\u011f\u0131 \u00fcr\u00fcn bedelini \u00f6demez veya banka kay\u0131tlar\u0131nda iptal ederse, FDG&#8217;nin \u00fcr\u00fcn\u00fc teslim y\u00fck\u00fcml\u00fcl\u00fc\u011f\u00fc sona erer. Al\u0131c\u0131 hak talebinde bulunamaz.<\/p><p><strong>KRED\u0130 KARTININ YETK\u0130S\u0130Z KULLANIMI \u0130LE YAPILAN ALI\u015eVER\u0130\u015eLER:<\/strong><\/p><p>\u00dcr\u00fcn teslim edildikten sonra, al\u0131c\u0131n\u0131n \u00f6deme yapt\u0131\u011f\u0131 kredi kart\u0131n\u0131n yetkisiz ki\u015filer taraf\u0131ndan haks\u0131z olarak kullan\u0131ld\u0131\u011f\u0131 tespit edilirse ve sat\u0131lan \u00fcr\u00fcn bedeli ilgili banka veya finans kurulu\u015fu taraf\u0131ndan FDG&#8217;ye \u00f6denmez ise, al\u0131c\u0131, s\u00f6zle\u015fme konusu \u00fcr\u00fcn\u00fc 3 g\u00fcn i\u00e7erisinde nakliye gideri FDG\u2019ye ait olacak \u015fekilde iade etmek zorundad\u0131r.<\/p><p><strong>CAYMA &#8211; \u0130ADE HAKKI:<\/strong><\/p><p>G\u0131da \u00fcr\u00fcnlerinde, hijyen ve sa\u011fl\u0131k nedenlerinden dolay\u0131 iade kabul edilmemektedir. Bu, \u00fcr\u00fcnlerin tekrar sat\u0131\u015fa sunulmas\u0131n\u0131n sa\u011fl\u0131k riskleri ta\u015f\u0131yabilece\u011fi ve m\u00fc\u015fterilerimizin sa\u011fl\u0131\u011f\u0131n\u0131 koruma amac\u0131yla al\u0131nm\u0131\u015f bir \u00f6nlemdir. Ancak, a\u015fa\u011f\u0131daki \u00f6zel durumlar de\u011ferlendirmeye al\u0131nabilir:<\/p><p><strong>Hasarl\u0131 veya Bozuk \u00dcr\u00fcnler:<\/strong>\u00a0Teslimat s\u0131ras\u0131nda hasar g\u00f6rm\u00fc\u015f veya bozulmu\u015f (son kullanma tarihi ge\u00e7mi\u015f, k\u00fcflenmi\u015f, vb.) \u00fcr\u00fcnler i\u00e7in, teslimat s\u0131ras\u0131nda veya teslimat yap\u0131ld\u0131\u011f\u0131 g\u00fcn dahil olmak \u00fczere en ge\u00e7 3 g\u00fcn i\u00e7erisinde bizimle ileti\u015fime ge\u00e7ip bu durumu bildirmelisiniz.<\/p><p><strong>Yanl\u0131\u015f \u00dcr\u00fcn G\u00f6nderimi:<\/strong>\u00a0Sipari\u015finizden farkl\u0131 bir \u00fcr\u00fcn g\u00f6nderilmi\u015fse, hatan\u0131n d\u00fczeltilmesi i\u00e7in bizimle ileti\u015fime ge\u00e7ebilirsiniz.<\/p><p>\u00dcr\u00fcn\u00fcn tad\u0131n\u0131 be\u011fenmeme veya beklentileri kar\u015f\u0131lamama gibi ki\u015fisel tercihler iade nedeni olarak kabul edilmez.<\/p><p>Hasarl\u0131, bozuk veya yanl\u0131\u015f g\u00f6nderilen \u00fcr\u00fcnler i\u00e7in, stoklar\u0131m\u0131zda ayn\u0131 \u00fcr\u00fcn\u00fcn bulunmas\u0131 halinde de\u011fi\u015fim yap\u0131labilir. De\u011fi\u015fim yap\u0131lamad\u0131\u011f\u0131 durumlarda, \u00fcr\u00fcn bedelinin iadesi ger\u00e7ekle\u015ftirilir.<\/p><p>Al\u0131c\u0131, sat\u0131n ald\u0131\u011f\u0131 e\u011fer bir hizmet ise, bu 14 g\u00fcnl\u00fck s\u00fcre s\u00f6zle\u015fmenin imzaland\u0131\u011f\u0131 tarihten itibaren ba\u015flar. Cayma hakk\u0131 s\u00fcre sona ermeden \u00f6nce, t\u00fcketicinin onay\u0131 ile hizmetin ifas\u0131na ba\u015flanan g\u0131da \u00fcretimi s\u00f6zle\u015fmelerinde cayma hakk\u0131 kullan\u0131lamaz.<\/p><p>Cayma hakk\u0131n\u0131n kullan\u0131m\u0131ndan kaynaklanan masraflar FDG&#8217;ye aittir.<\/p><p>Cayma hakk\u0131n\u0131 kullanmak i\u00e7in 14 g\u00fcnl\u00fck s\u00fcre i\u00e7inde FDG\u2019ye iadeli taahh\u00fctl\u00fc posta, faks veya e-posta ile yaz\u0131l\u0131 bildirimde bulunulmal\u0131 ve \u00fcr\u00fcn kullan\u0131lmam\u0131\u015f olmal\u0131d\u0131r.<\/p><p>FDG, cayma bildiriminin kendisine ula\u015fmas\u0131ndan itibaren en ge\u00e7 10 g\u00fcnl\u00fck s\u00fcre i\u00e7erisinde toplam bedeli iade etmekle y\u00fck\u00fcmld\u00fcr.<\/p><p>Al\u0131c\u0131, cayma hakk\u0131n\u0131 kullanarak \u00fcr\u00fcn iadesi yapt\u0131\u011f\u0131nda, kampanya limit tutar\u0131n\u0131n alt\u0131na d\u00fc\u015f\u00fclmesi halinde kampanya kapsam\u0131nda faydalan\u0131lan indirim iptal edilir.<\/p><p>Hasarl\u0131, bozuk veya yanl\u0131\u015f \u00fcr\u00fcnler durumunda a\u015fa\u011f\u0131daki ad\u0131mlar\u0131 izleyebilirsiniz:<\/p><p>Foto\u011fraf veya Video Kayd\u0131: Hasarl\u0131 veya bozuk \u00fcr\u00fcn\u00fc, ambalaj\u0131yla birlikte foto\u011fraflay\u0131n veya videoya kaydedin. Bu, sorunun de\u011ferlendirilmesinde bize yard\u0131mc\u0131 olacakt\u0131r.<\/p><p>\u0130leti\u015fime Ge\u00e7in: \u00a0\u00a0\u00a0\u00a0\u00a0\u00a0\u00a0\u00a0\u00a0\u00a0\u00a0\u00a0\u00a0\u00a0\u00a0\u00a0\u00a0\u00a0\u00a0\u00a0\u00a0\u00a0adresine e-posta g\u00f6ndererek veya \u00a0\u00a0\u00a0\u00a0\u00a0\u00a0\u00a0\u00a0\u00a0\u00a0\u00a0\u00a0\u00a0\u00a0\u00a0\u00a0numaras\u0131n\u0131 arayarak bizimle ileti\u015fime ge\u00e7in. E-postan\u0131zda veya telefon g\u00f6r\u00fc\u015fmenizde sipari\u015f numaran\u0131z\u0131 ve sorunun detaylar\u0131n\u0131 belirtin.<\/p><p>De\u011ferlendirme S\u00fcreci: G\u00f6nderdi\u011finiz foto\u011fraf veya video kayd\u0131 incelenerek, durum de\u011ferlendirilecektir.<\/p><p>\u0130ade edilen \u00fcr\u00fcnler ekibimiz taraf\u0131ndan kontrol edildikten sonra iade onaylan\u0131r. Kredi kart\u0131 ile yap\u0131lan \u00f6demelerin iadesi, bankan\u0131z taraf\u0131ndan i\u015fleme al\u0131n\u0131r ve maksimum 10 i\u015f g\u00fcn\u00fc i\u00e7inde tamamlan\u0131r.Bu s\u00fcre\u00e7 tamamen bankan\u0131za ba\u011fl\u0131 olup, FDG&#8217;nin bankaya m\u00fcdahale hakk\u0131 bulunmamaktad\u0131r.<\/p><p>FDG, i\u015fbu &#8221; Cayma-\u0130ptal-\u0130ade Politikas\u0131 &#8221; h\u00fck\u00fcmlerini diledi\u011fi zaman \u0130nternet Sitesi\u2019nde yay\u0131nlamak veya kullan\u0131c\u0131lara elektronik posta g\u00f6ndermek veya sitesinde yay\u0131nlamak suretiyle de\u011fi\u015ftirebilir. Cayma-\u0130ptal-\u0130ade Politikas\u0131 h\u00fck\u00fcmleri de\u011fi\u015fti\u011fi takdirde, yay\u0131nland\u0131\u011f\u0131 tarihte y\u00fcr\u00fcrl\u00fck kazan\u0131r.<\/p><p>Cayma-\u0130ptal-\u0130ade politikam\u0131z ile ilgili her t\u00fcrl\u00fc soru ve \u00f6nerileriniz i\u00e7in \u2026\u2026\u2026\u2026\u2026\u2026 adresine e-mail g\u00f6nderebilirsiniz.<\/p><p>Firmam\u0131z\u2019a ait a\u015fa\u011f\u0131daki ileti\u015fim bilgilerinden ula\u015fabilirsiniz.<\/p><p>FREEZE DRY GLOBAL GIDA TEKNOLOJ\u0130LER\u0130 ANON\u0130M \u015e\u0130RKET\u0130<\/p><p>+90 (533) 281 52 29<\/p><p>\u00a0<\/p><p>\u00a0<\/p><p>\u00a0<\/p><p>\u00a0<\/p><p>\u00a0<\/p>\t\t\t\t\t\t\t\t<\/div>\n\t\t\t\t<\/div>\n\t\t\t\t<\/div>\n\t\t\t\t<\/div>\n\t\t","protected":false},"excerpt":{"rendered":"<p>FREEZE DRY GLOBAL GIDA TEKNOLOJ\u0130LER\u0130 ANON\u0130M \u015e\u0130RKET\u0130 CAYMA \u2013 \u0130PTAL- \u0130ADE POL\u0130T\u0130KASI \u0130nternet Sitemizi kulland\u0131\u011f\u0131n\u0131z i\u00e7in te\u015fekk\u00fcr ederiz. Kullanmakta oldu\u011funuz web sitesi \u00fczerinden elektronik ortamda sipari\u015f verdi\u011finiz takdirde, size sunulan \u00f6n bilgilendirme formunu ve mesafeli sat\u0131\u015f s\u00f6zle\u015fmesini kabul etmi\u015f say\u0131l\u0131rs\u0131n\u0131z. Al\u0131c\u0131lar, sat\u0131n ald\u0131klar\u0131 \u00fcr\u00fcn\u00fcn sat\u0131\u015f ve teslimi ile ilgili olarak 6502 say\u0131l\u0131 T\u00fcketicinin Korunmas\u0131 Hakk\u0131nda Kanun ve Mesafeli S\u00f6zle\u015fmeler Y\u00f6netmeli\u011fi (RG:27.11.2014\/29188) h\u00fck\u00fcmleri ile y\u00fcr\u00fcrl\u00fckteki di\u011fer yasalara tabidir. \u00dcr\u00fcn sevkiyat masraf\u0131 olan kargo \u00fccretleri al\u0131c\u0131lar taraf\u0131ndan \u00f6denecektir. Sat\u0131n al\u0131nan her bir \u00fcr\u00fcn, 30 g\u00fcnl\u00fck yasal s\u00fcreyi a\u015fmamak kayd\u0131 ile al\u0131c\u0131n\u0131n g\u00f6sterdi\u011fi adresteki ki\u015fi ve\/veya kurulu\u015fa teslim edilir. Bu s\u00fcre i\u00e7inde \u00fcr\u00fcn teslim edilmez ise, Al\u0131c\u0131lar s\u00f6zle\u015fmeyi sona erdirebilir. Sat\u0131n al\u0131nan \u00fcr\u00fcn, eksiksiz ve sipari\u015fte belirtilen niteliklere uygun teslim edilmek zorundad\u0131r. Sat\u0131n al\u0131nan \u00fcr\u00fcn\u00fcn sat\u0131lmas\u0131n\u0131n imkans\u0131zla\u015fmas\u0131 durumunda, FDG bu durumu \u00f6\u011frendi\u011finden itibaren 3 g\u00fcn i\u00e7inde al\u0131c\u0131ya bildirmek zorundad\u0131r. 14 g\u00fcn i\u00e7inde de toplam bedel al\u0131c\u0131ya iade edilmek zorundad\u0131r. SATIN ALINAN \u00dcR\u00dcN BEDEL\u0130 \u00d6DENMEZ \u0130SE: Al\u0131c\u0131, sat\u0131n ald\u0131\u011f\u0131 \u00fcr\u00fcn bedelini \u00f6demez veya banka kay\u0131tlar\u0131nda iptal ederse, FDG&#8217;nin \u00fcr\u00fcn\u00fc teslim y\u00fck\u00fcml\u00fcl\u00fc\u011f\u00fc sona erer. Al\u0131c\u0131 hak talebinde bulunamaz. KRED\u0130 KARTININ YETK\u0130S\u0130Z KULLANIMI \u0130LE YAPILAN ALI\u015eVER\u0130\u015eLER: \u00dcr\u00fcn teslim edildikten sonra, al\u0131c\u0131n\u0131n \u00f6deme yapt\u0131\u011f\u0131 kredi kart\u0131n\u0131n yetkisiz ki\u015filer taraf\u0131ndan haks\u0131z olarak kullan\u0131ld\u0131\u011f\u0131 tespit edilirse ve sat\u0131lan \u00fcr\u00fcn bedeli ilgili banka veya finans kurulu\u015fu taraf\u0131ndan FDG&#8217;ye \u00f6denmez ise, al\u0131c\u0131, s\u00f6zle\u015fme konusu \u00fcr\u00fcn\u00fc 3 g\u00fcn i\u00e7erisinde nakliye gideri FDG\u2019ye ait olacak \u015fekilde iade etmek zorundad\u0131r. CAYMA &#8211; \u0130ADE HAKKI: G\u0131da \u00fcr\u00fcnlerinde, hijyen ve sa\u011fl\u0131k nedenlerinden dolay\u0131 iade kabul edilmemektedir. Bu, \u00fcr\u00fcnlerin tekrar sat\u0131\u015fa sunulmas\u0131n\u0131n sa\u011fl\u0131k riskleri ta\u015f\u0131yabilece\u011fi ve m\u00fc\u015fterilerimizin sa\u011fl\u0131\u011f\u0131n\u0131 koruma amac\u0131yla al\u0131nm\u0131\u015f bir \u00f6nlemdir. Ancak, a\u015fa\u011f\u0131daki \u00f6zel durumlar de\u011ferlendirmeye al\u0131nabilir: Hasarl\u0131 veya Bozuk \u00dcr\u00fcnler:\u00a0Teslimat s\u0131ras\u0131nda hasar g\u00f6rm\u00fc\u015f veya bozulmu\u015f (son kullanma tarihi ge\u00e7mi\u015f, k\u00fcflenmi\u015f, vb.) \u00fcr\u00fcnler i\u00e7in, teslimat s\u0131ras\u0131nda veya teslimat yap\u0131ld\u0131\u011f\u0131 g\u00fcn dahil olmak \u00fczere en ge\u00e7 3 g\u00fcn i\u00e7erisinde bizimle ileti\u015fime ge\u00e7ip bu durumu bildirmelisiniz. Yanl\u0131\u015f \u00dcr\u00fcn G\u00f6nderimi:\u00a0Sipari\u015finizden farkl\u0131 bir \u00fcr\u00fcn g\u00f6nderilmi\u015fse, hatan\u0131n d\u00fczeltilmesi i\u00e7in bizimle ileti\u015fime ge\u00e7ebilirsiniz. \u00dcr\u00fcn\u00fcn tad\u0131n\u0131 be\u011fenmeme veya beklentileri kar\u015f\u0131lamama gibi ki\u015fisel tercihler iade nedeni olarak kabul edilmez. Hasarl\u0131, bozuk veya yanl\u0131\u015f g\u00f6nderilen \u00fcr\u00fcnler i\u00e7in, stoklar\u0131m\u0131zda ayn\u0131 \u00fcr\u00fcn\u00fcn bulunmas\u0131 halinde de\u011fi\u015fim yap\u0131labilir. De\u011fi\u015fim yap\u0131lamad\u0131\u011f\u0131 durumlarda, \u00fcr\u00fcn bedelinin iadesi ger\u00e7ekle\u015ftirilir. Al\u0131c\u0131, sat\u0131n ald\u0131\u011f\u0131 e\u011fer bir hizmet ise, bu 14 g\u00fcnl\u00fck s\u00fcre s\u00f6zle\u015fmenin imzaland\u0131\u011f\u0131 tarihten itibaren ba\u015flar. Cayma hakk\u0131 s\u00fcre sona ermeden \u00f6nce, t\u00fcketicinin onay\u0131 ile hizmetin ifas\u0131na ba\u015flanan g\u0131da \u00fcretimi s\u00f6zle\u015fmelerinde cayma hakk\u0131 kullan\u0131lamaz. Cayma hakk\u0131n\u0131n kullan\u0131m\u0131ndan kaynaklanan masraflar FDG&#8217;ye aittir. Cayma hakk\u0131n\u0131 kullanmak i\u00e7in 14 g\u00fcnl\u00fck s\u00fcre i\u00e7inde FDG\u2019ye iadeli taahh\u00fctl\u00fc posta, faks veya e-posta ile yaz\u0131l\u0131 bildirimde bulunulmal\u0131 ve \u00fcr\u00fcn kullan\u0131lmam\u0131\u015f olmal\u0131d\u0131r. FDG, cayma bildiriminin kendisine ula\u015fmas\u0131ndan itibaren en ge\u00e7 10 g\u00fcnl\u00fck s\u00fcre i\u00e7erisinde toplam bedeli iade etmekle y\u00fck\u00fcmld\u00fcr. Al\u0131c\u0131, cayma hakk\u0131n\u0131 kullanarak \u00fcr\u00fcn iadesi yapt\u0131\u011f\u0131nda, kampanya limit tutar\u0131n\u0131n alt\u0131na d\u00fc\u015f\u00fclmesi halinde kampanya kapsam\u0131nda faydalan\u0131lan indirim iptal edilir. Hasarl\u0131, bozuk veya yanl\u0131\u015f \u00fcr\u00fcnler durumunda a\u015fa\u011f\u0131daki ad\u0131mlar\u0131 izleyebilirsiniz: Foto\u011fraf veya Video Kayd\u0131: Hasarl\u0131 veya bozuk \u00fcr\u00fcn\u00fc, ambalaj\u0131yla birlikte foto\u011fraflay\u0131n veya videoya kaydedin. Bu, sorunun de\u011ferlendirilmesinde bize yard\u0131mc\u0131 olacakt\u0131r. \u0130leti\u015fime Ge\u00e7in: \u00a0\u00a0\u00a0\u00a0\u00a0\u00a0\u00a0\u00a0\u00a0\u00a0\u00a0\u00a0\u00a0\u00a0\u00a0\u00a0\u00a0\u00a0\u00a0\u00a0\u00a0\u00a0adresine e-posta g\u00f6ndererek veya \u00a0\u00a0\u00a0\u00a0\u00a0\u00a0\u00a0\u00a0\u00a0\u00a0\u00a0\u00a0\u00a0\u00a0\u00a0\u00a0numaras\u0131n\u0131 arayarak bizimle ileti\u015fime ge\u00e7in. E-postan\u0131zda veya telefon g\u00f6r\u00fc\u015fmenizde sipari\u015f numaran\u0131z\u0131 ve sorunun detaylar\u0131n\u0131 belirtin. De\u011ferlendirme S\u00fcreci: G\u00f6nderdi\u011finiz foto\u011fraf veya video kayd\u0131 incelenerek, durum de\u011ferlendirilecektir. \u0130ade edilen \u00fcr\u00fcnler ekibimiz taraf\u0131ndan kontrol edildikten sonra iade onaylan\u0131r. Kredi kart\u0131 ile yap\u0131lan \u00f6demelerin iadesi, bankan\u0131z taraf\u0131ndan i\u015fleme al\u0131n\u0131r ve maksimum 10 i\u015f g\u00fcn\u00fc i\u00e7inde tamamlan\u0131r.Bu s\u00fcre\u00e7 tamamen bankan\u0131za ba\u011fl\u0131 olup, FDG&#8217;nin bankaya m\u00fcdahale hakk\u0131 bulunmamaktad\u0131r. FDG, i\u015fbu &#8221; Cayma-\u0130ptal-\u0130ade Politikas\u0131 &#8221; h\u00fck\u00fcmlerini diledi\u011fi zaman \u0130nternet Sitesi\u2019nde yay\u0131nlamak veya kullan\u0131c\u0131lara elektronik posta g\u00f6ndermek veya sitesinde yay\u0131nlamak suretiyle de\u011fi\u015ftirebilir. Cayma-\u0130ptal-\u0130ade Politikas\u0131 h\u00fck\u00fcmleri de\u011fi\u015fti\u011fi takdirde, yay\u0131nland\u0131\u011f\u0131 tarihte y\u00fcr\u00fcrl\u00fck kazan\u0131r. Cayma-\u0130ptal-\u0130ade politikam\u0131z ile ilgili her t\u00fcrl\u00fc soru ve \u00f6nerileriniz i\u00e7in \u2026\u2026\u2026\u2026\u2026\u2026 adresine e-mail g\u00f6nderebilirsiniz. Firmam\u0131z\u2019a ait a\u015fa\u011f\u0131daki ileti\u015fim bilgilerinden ula\u015fabilirsiniz. FREEZE DRY GLOBAL GIDA TEKNOLOJ\u0130LER\u0130 ANON\u0130M \u015e\u0130RKET\u0130 +90 (533) 281 52 29 \u00a0 \u00a0 \u00a0 \u00a0 \u00a0<\/p>\n","protected":false},"author":1,"featured_media":0,"parent":0,"menu_order":0,"comment_status":"closed","ping_status":"closed","template":"","meta":{"footnotes":""},"class_list":["post-3427","page","type-page","status-publish","hentry"],"_links":{"self":[{"href":"https:\/\/freezedryglobal.com\/index.php\/wp-json\/wp\/v2\/pages\/3427","targetHints":{"allow":["GET"]}}],"collection":[{"href":"https:\/\/freezedryglobal.com\/index.php\/wp-json\/wp\/v2\/pages"}],"about":[{"href":"https:\/\/freezedryglobal.com\/index.php\/wp-json\/wp\/v2\/types\/page"}],"author":[{"embeddable":true,"href":"https:\/\/freezedryglobal.com\/index.php\/wp-json\/wp\/v2\/users\/1"}],"replies":[{"embeddable":true,"href":"https:\/\/freezedryglobal.com\/index.php\/wp-json\/wp\/v2\/comments?post=3427"}],"version-history":[{"count":13,"href":"https:\/\/freezedryglobal.com\/index.php\/wp-json\/wp\/v2\/pages\/3427\/revisions"}],"predecessor-version":[{"id":5292,"href":"https:\/\/freezedryglobal.com\/index.php\/wp-json\/wp\/v2\/pages\/3427\/revisions\/5292"}],"wp:attachment":[{"href":"https:\/\/freezedryglobal.com\/index.php\/wp-json\/wp\/v2\/media?parent=3427"}],"curies":[{"name":"wp","href":"https:\/\/api.w.org\/{rel}","templated":true}]}}